{"id":11993,"date":"2021-11-26T19:26:15","date_gmt":"2021-11-26T11:26:15","guid":{"rendered":"http:\/\/hzcork.com\/?post_type=product&#038;p=11993"},"modified":"2021-11-30T16:59:37","modified_gmt":"2021-11-30T08:59:37","slug":"peacock-green-fashion-women-cork-handbags","status":"publish","type":"product","link":"https:\/\/hzcork.com\/es\/peacock-green-fashion-women-cork-handbags\/","title":{"rendered":"Verde pavo real Moda Mujeres Corcho Bolsos"},"content":{"rendered":"<p><span style=\"color: #7a90b2;\"> MATERIAL: 100% cuero vegano ( Cuero de Corcho ) con texturas naturales. No se ha da\u00f1ado a ning\u00fan animal.<br \/>\n* DISE\u00d1O: Decoraci\u00f3n de anillo en forma de \"O\" (no funcional) + Asa de moda en forma de \"D\" + Tapa curva magn\u00e9tica + Color sencillo en un solo tono (verde pavo real). fondo plano con tachuelas. El dise\u00f1o estructurado hace que se mantenga de pie por s\u00ed mismo f\u00e1cilmente. Se puede utilizar como un bolso de las mujeres, bolso satchel, bolso de asa superior, bolsa de trabajo, tote de moda, etc.<\/span><\/p>\n<div><span style=\"color: #7a90b2;\"><br \/>\n* DIMENSION: Bolsa - 21*20*10CM ( forma cuadrada) Peso: 2.5 LB. Ca\u00edda de las asas: 5\u2033 Correa de hombro se adjunta (desmontable). Puede caber Ipad, cartera, peque\u00f1a tableta, bolsa de maquillaje, etc. Gran conjunto de bolso y elecci\u00f3n de regalo para las mujeres, se\u00f1oras.<\/span><\/div>\n<div><span style=\"color: #7a90b2;\"><br \/>\n* BOLSILLOS: 1 compartimento principal \/ 1 bolsillo interior trasero con cremallera \/ 2 bolsillos interiores abiertos. Suficientemente espacioso para almacenar sus art\u00edculos esenciales diarios y hacer sus cosas organizadas.<\/span><\/div>\n<div><span style=\"color: #7a90b2;\"><br \/>\n* SERVICIO POSTVENTA: Ofrecemos un excelente servicio al cliente. Si tiene alg\u00fan problema, no dude en ponerse en contacto con nosotros por correo electr\u00f3nico. Le reenviaremos una bolsa de reemplazo \/ pieza coincidente lo antes posible. Los problemas se resolver\u00e1n hasta el final.<\/span><\/div>\n<div><\/div>\n<div><b><span style=\"color: #ffc36d;\">Esperamos que nuestra c\u00e1lida compa\u00f1\u00eda pueda satisfacerle amistosamente y brindarle una experiencia diferente.<\/span><\/b><\/div>","protected":false},"excerpt":{"rendered":"<p><span data-spm-anchor-id=\"a2700.pc-decorate.0.i6.10bd3333ETWlFj\">Nombre: Bolso Cork Lady<\/span><\/p>\n<div>Marca: HZCORK<\/div>\n<div>Color: Verde pavo real<\/div>\n<div>Material: 100% Cuero de Corcho Vegano,<\/div>\n<div>Caracter\u00edsticas del producto: bolso de corcho de corteza de roble, que tiene las ventajas de cuero vegano ( 100% libre de crueldad), impermeable y duradero. Textura suave ligero, no inflamable, resistente al desgaste y f\u00e1cil de limpiar, con grano fino natural, caracter\u00edsticas de color elegante.<\/div>","protected":false},"featured_media":11994,"template":"","meta":[],"product_brand":[],"product_cat":[149],"product_tag":[199,284],"class_list":{"0":"post-11993","1":"product","2":"type-product","3":"status-publish","4":"has-post-thumbnail","6":"product_cat-cork-handbags","7":"product_tag-cork-handbags","8":"product_tag-cork-women-handbags","10":"first","11":"instock","12":"shipping-taxable","13":"product-type-simple"},"_links":{"self":[{"href":"https:\/\/hzcork.com\/es\/wp-json\/wp\/v2\/product\/11993","targetHints":{"allow":["GET"]}}],"collection":[{"href":"https:\/\/hzcork.com\/es\/wp-json\/wp\/v2\/product"}],"about":[{"href":"https:\/\/hzcork.com\/es\/wp-json\/wp\/v2\/types\/product"}],"version-history":[{"count":0,"href":"https:\/\/hzcork.com\/es\/wp-json\/wp\/v2\/product\/11993\/revisions"}],"wp:featuredmedia":[{"embeddable":true,"href":"https:\/\/hzcork.com\/es\/wp-json\/wp\/v2\/media\/11994"}],"wp:attachment":[{"href":"https:\/\/hzcork.com\/es\/wp-json\/wp\/v2\/media?parent=11993"}],"wp:term":[{"taxonomy":"product_brand","embeddable":true,"href":"https:\/\/hzcork.com\/es\/wp-json\/wp\/v2\/product_brand?post=11993"},{"taxonomy":"product_cat","embeddable":true,"href":"https:\/\/hzcork.com\/es\/wp-json\/wp\/v2\/product_cat?post=11993"},{"taxonomy":"product_tag","embeddable":true,"href":"https:\/\/hzcork.com\/es\/wp-json\/wp\/v2\/product_tag?post=11993"}],"curies":[{"name":"wp","href":"https:\/\/api.w.org\/{rel}","templated":true}]}}