{"id":11983,"date":"2021-11-26T19:30:21","date_gmt":"2021-11-26T11:30:21","guid":{"rendered":"http:\/\/hzcork.com\/?post_type=product&#038;p=11983"},"modified":"2021-12-11T14:09:53","modified_gmt":"2021-12-11T06:09:53","slug":"white-cork-leather-women-handbag","status":"publish","type":"product","link":"https:\/\/hzcork.com\/es\/white-cork-leather-women-handbag\/","title":{"rendered":"Bolso de mujer de piel de corcho blanco"},"content":{"rendered":"<p><span style=\"color: #7a90b2;\">* MATERIAL: 100% cuero vegano ( Cuero de Corcho ) con texturas naturales. Ning\u00fan animal fue da\u00f1ado.<br \/>\n* DISE\u00d1O: Decoraci\u00f3n de cierre en forma de flor + Cubierta de sobre + Color sencillo en un solo tono (textura de corcho blanco). <\/span><\/p>\n<div><span style=\"color: #7a90b2;\"><span style=\"color: #7a90b2;\">Fondo plano con tachuelas. Su dise\u00f1o estructurado hace que se sostenga por s\u00ed mismo con facilidad. Puede utilizarse como bolso de mujer,<br \/>\nbolso satchel, bolso de asa superior, bolso de trabajo, bolso tote de moda, etc.<br \/>\n* DIMENSION: Bolso - 26*18*10CM ( forma rectangular) Peso: 2.5 LB. Ca\u00edda de las asas: 5\u2033 Correa de hombro se adjunta (desmontable)+ Correa de cadena (no desmontable). Puede caber Ipad, cartera, peque\u00f1a tableta, bolsa de maquillaje, etc. Gran bolso conjunto y elecci\u00f3n de regalo para las mujeres, se\u00f1oras.<\/span><\/span>* BOLSILLOS: 1 compartimento principal \/ 1 bolsillo interior trasero con cremallera \/ 2 bolsillos interiores abiertos. Suficientemente espacioso para almacenar sus art\u00edculos esenciales diarios y hacer que sus cosas organized.* SERVICIO POST-VENTA: Ofrecemos un excelente servicio al cliente. Si tiene alg\u00fan problema, no dude en ponerse en contacto con nosotros por correo electr\u00f3nico. Le reenviaremos una bolsa de reemplazo \/ pieza coincidente lo antes posible. Los problemas se resolver\u00e1n hasta el final.<\/div>\n<div><span style=\"color: #ea9924;\"><b>Esperamos que nuestra c\u00e1lida compa\u00f1\u00eda pueda satisfacerle amistosamente y brindarle una experiencia diferente.<\/b><\/span><\/div>","protected":false},"excerpt":{"rendered":"<p><span data-spm-anchor-id=\"a2700.pc-decorate.0.i1.65743333BPP4Zg\">Nombre: Bolso de cadena de corcho blanco<\/span><\/p>\n<div>Marca: HZCORK<\/div>\n<div>Color: Blanco<\/div>\n<div>Material: Corcho<\/div>\n<div>Caracter\u00edsticas del producto: bolsa de corcho hecha de corteza de roble, que tiene las ventajas de la piel vegana (100% sin animales), impermeable y resistente a las manchas.<\/div>\n<div>Tacto pro textura suave, no inflamable, resistente al desgaste y f\u00e1cil de limpiar, con grano fino natural, elegantes caracter\u00edsticas de color.<\/div>","protected":false},"featured_media":11984,"template":"","meta":[],"product_brand":[],"product_cat":[162,149],"product_tag":[169,199,285],"class_list":{"0":"post-11983","1":"product","2":"type-product","3":"status-publish","4":"has-post-thumbnail","6":"product_cat-cork-crossbody-bags","7":"product_cat-cork-handbags","8":"product_tag-cork-handbag","9":"product_tag-cork-handbags","10":"product_tag-white-cork-bag","12":"first","13":"instock","14":"shipping-taxable","15":"product-type-simple"},"_links":{"self":[{"href":"https:\/\/hzcork.com\/es\/wp-json\/wp\/v2\/product\/11983","targetHints":{"allow":["GET"]}}],"collection":[{"href":"https:\/\/hzcork.com\/es\/wp-json\/wp\/v2\/product"}],"about":[{"href":"https:\/\/hzcork.com\/es\/wp-json\/wp\/v2\/types\/product"}],"version-history":[{"count":0,"href":"https:\/\/hzcork.com\/es\/wp-json\/wp\/v2\/product\/11983\/revisions"}],"wp:featuredmedia":[{"embeddable":true,"href":"https:\/\/hzcork.com\/es\/wp-json\/wp\/v2\/media\/11984"}],"wp:attachment":[{"href":"https:\/\/hzcork.com\/es\/wp-json\/wp\/v2\/media?parent=11983"}],"wp:term":[{"taxonomy":"product_brand","embeddable":true,"href":"https:\/\/hzcork.com\/es\/wp-json\/wp\/v2\/product_brand?post=11983"},{"taxonomy":"product_cat","embeddable":true,"href":"https:\/\/hzcork.com\/es\/wp-json\/wp\/v2\/product_cat?post=11983"},{"taxonomy":"product_tag","embeddable":true,"href":"https:\/\/hzcork.com\/es\/wp-json\/wp\/v2\/product_tag?post=11983"}],"curies":[{"name":"wp","href":"https:\/\/api.w.org\/{rel}","templated":true}]}}