{"id":11349,"date":"2021-11-16T17:04:40","date_gmt":"2021-11-16T09:04:40","guid":{"rendered":"http:\/\/hzcork.com\/?post_type=product&#038;p=11349"},"modified":"2021-11-16T17:23:20","modified_gmt":"2021-11-16T09:23:20","slug":"cork-baby-backpack","status":"publish","type":"product","link":"https:\/\/hzcork.com\/es\/cork-baby-backpack\/","title":{"rendered":"Mochila de beb\u00e9 de corcho-Bolsa de mam\u00e1 plegable y port\u00e1til"},"content":{"rendered":"<h2 class=\"blockHeader___JO_re\">Descripci\u00f3n<\/h2>\n<ul>\n<li>Tama\u00f1o de la bolsa de beb\u00e9: 40*30*20CM, anchura de despliegue 70cm, capacidad 20-35L.<\/li>\n<li>Tejido de corcho natural,transpirable,impermeable,duradero y resistente al desgaste.<\/li>\n<li>Estructura interna: bolsillo con cremallera, bolsillo para tel\u00e9fono m\u00f3vil, bolsillo para cargador de m\u00f3vil port\u00e1til.<\/li>\n<li>2 bolsillos laterales, f\u00e1cil de conseguir tejido.<\/li>\n<li>2 bolsillo interior isot\u00e9rmico para biber\u00f3n, puede mantener el biber\u00f3n caliente.<\/li>\n<li>Cama de beb\u00e9 f\u00e1cil de abrir y plegar.<\/li>\n<\/ul>\n<p>&nbsp;<\/p>\n<p>&nbsp;<\/p>","protected":false},"excerpt":{"rendered":"<p>\u00bfLe preocupa viajar con ni\u00f1os o beb\u00e9s?<\/p>\n<p>S\u00ed, creo que todas las mam\u00e1s deben pensar que es horrible viajar con el beb\u00e9. Pero ya no si tienes esta mochila para beb\u00e9s.<\/p>\n<p>Nuestra mochila para beb\u00e9 es port\u00e1til y plegable, abrirla y plegarla es muy f\u00e1cil, puede hacer que el beb\u00e9 duerma en cualquier lugar y en cualquier momento.<\/p>\n<p>Puedes mantener el biber\u00f3n caliente y alimentar al beb\u00e9 en cualquier momento si quiere llorar.<\/p>\n<p>Es muy f\u00e1cil coger el pa\u00f1uelo cuando lo necesitas, s\u00f3lo tienes que tirar de \u00e9l en el bolsillo lateral.<\/p>\n<p>Lo m\u00e1s importante es que utilizamos tejido de corcho como tejido exterior, es natural y sostenible, duradero e impermeable.<\/p>\n<p>Demuestra tu amor por el medio ambiente, por una vida sostenible no s\u00f3lo para nosotros, sino tambi\u00e9n para la pr\u00f3xima generaci\u00f3n.<\/p>\n<p>\u3010Perfect Gift Ideas for New Parents\u3011Ideal para usar como bolsa de pa\u00f1ales para beb\u00e9s, mochila para la madre, bolso de enfermera, sill\u00f3n reclinable para reci\u00e9n nacidos, cuna al aire libre. Color unisex permitir\u00e1 que pap\u00e1 y mam\u00e1 usen.<\/p>","protected":false},"featured_media":11356,"template":"","meta":[],"product_brand":[],"product_cat":[163],"product_tag":[272,273,254,250,276,275,274,279,278,277],"class_list":{"0":"post-11349","1":"product","2":"type-product","3":"status-publish","4":"has-post-thumbnail","6":"product_cat-cork-backpack","7":"product_tag-baby-bag","8":"product_tag-baby-diaper-bag","9":"product_tag-classic-cork-backpack","10":"product_tag-cork-backpack","11":"product_tag-foldable-baby-backpack","12":"product_tag-foldable-cork-backpack","13":"product_tag-mommy-bag","14":"product_tag-mothers-backpack","15":"product_tag-nurse-bag","16":"product_tag-portable-cork-backpack","18":"first","19":"instock","20":"shipping-taxable","21":"product-type-simple"},"_links":{"self":[{"href":"https:\/\/hzcork.com\/es\/wp-json\/wp\/v2\/product\/11349","targetHints":{"allow":["GET"]}}],"collection":[{"href":"https:\/\/hzcork.com\/es\/wp-json\/wp\/v2\/product"}],"about":[{"href":"https:\/\/hzcork.com\/es\/wp-json\/wp\/v2\/types\/product"}],"version-history":[{"count":0,"href":"https:\/\/hzcork.com\/es\/wp-json\/wp\/v2\/product\/11349\/revisions"}],"wp:featuredmedia":[{"embeddable":true,"href":"https:\/\/hzcork.com\/es\/wp-json\/wp\/v2\/media\/11356"}],"wp:attachment":[{"href":"https:\/\/hzcork.com\/es\/wp-json\/wp\/v2\/media?parent=11349"}],"wp:term":[{"taxonomy":"product_brand","embeddable":true,"href":"https:\/\/hzcork.com\/es\/wp-json\/wp\/v2\/product_brand?post=11349"},{"taxonomy":"product_cat","embeddable":true,"href":"https:\/\/hzcork.com\/es\/wp-json\/wp\/v2\/product_cat?post=11349"},{"taxonomy":"product_tag","embeddable":true,"href":"https:\/\/hzcork.com\/es\/wp-json\/wp\/v2\/product_tag?post=11349"}],"curies":[{"name":"wp","href":"https:\/\/api.w.org\/{rel}","templated":true}]}}