{"id":10455,"date":"2022-01-14T14:55:00","date_gmt":"2022-01-14T06:55:00","guid":{"rendered":"http:\/\/hzcork.com\/?post_type=product&#038;p=10455"},"modified":"2022-01-14T14:55:01","modified_gmt":"2022-01-14T06:55:01","slug":"cork-printed-crossbody-bag-gingko-pattern","status":"publish","type":"product","link":"https:\/\/hzcork.com\/es\/cork-printed-crossbody-bag-gingko-pattern\/","title":{"rendered":"Corcho Impreso Crossbody Bolsa Gingko Patr\u00f3n"},"content":{"rendered":"<p>Los bolsos cruzados de corcho son art\u00edculos elegantes que se necesitan c\u00f3modamente porque se pueden llevar en el cuerpo, dejando las manos libres.<\/p>\n<p>El tejido de corcho es duradero, impermeable y resistente a las manchas. Las bolsas pueden limpiarse con un pa\u00f1o suave h\u00famedo y jab\u00f3n neutro.<\/p>\n<p>Utiliza agua para eliminar el jab\u00f3n y mantenerlo como nuevo.<\/p>\n<p>El estampado se realiza mediante impresi\u00f3n digital.<\/p>","protected":false},"excerpt":{"rendered":"<div>Marca: HZCORK<\/div>\n<div>Color: Natural<\/div>\n<div>Material: 100% Cuero de Corcho Vegano,<\/div>\n<div>Caracter\u00edsticas del producto:<\/div>\n<p>Elegante y \u00e9tica bolsa bandolera estampada hecha de corcho sostenible de alta calidad.<\/p>\n<p>La bolsa tiene una gran capacidad gracias al material blando que se dobla f\u00e1cilmente.<\/p>\n<p>Fabricado en tejido de corcho de alta calidad y forro suave con costuras reforzadas y pr\u00e1ctico interruptor superior exterior.<\/p>\n<p>Estampado de hojas de \u00e1rbol de ginkgo para resaltar el aspecto del bolso. Se puede fotografiar en una variedad de ocasiones.<\/p>","protected":false},"featured_media":10459,"template":"","meta":[],"product_brand":[],"product_cat":[162],"product_tag":[],"class_list":{"0":"post-10455","1":"product","2":"type-product","3":"status-publish","4":"has-post-thumbnail","6":"product_cat-cork-crossbody-bags","8":"first","9":"instock","10":"shipping-taxable","11":"product-type-simple"},"_links":{"self":[{"href":"https:\/\/hzcork.com\/es\/wp-json\/wp\/v2\/product\/10455","targetHints":{"allow":["GET"]}}],"collection":[{"href":"https:\/\/hzcork.com\/es\/wp-json\/wp\/v2\/product"}],"about":[{"href":"https:\/\/hzcork.com\/es\/wp-json\/wp\/v2\/types\/product"}],"version-history":[{"count":0,"href":"https:\/\/hzcork.com\/es\/wp-json\/wp\/v2\/product\/10455\/revisions"}],"wp:featuredmedia":[{"embeddable":true,"href":"https:\/\/hzcork.com\/es\/wp-json\/wp\/v2\/media\/10459"}],"wp:attachment":[{"href":"https:\/\/hzcork.com\/es\/wp-json\/wp\/v2\/media?parent=10455"}],"wp:term":[{"taxonomy":"product_brand","embeddable":true,"href":"https:\/\/hzcork.com\/es\/wp-json\/wp\/v2\/product_brand?post=10455"},{"taxonomy":"product_cat","embeddable":true,"href":"https:\/\/hzcork.com\/es\/wp-json\/wp\/v2\/product_cat?post=10455"},{"taxonomy":"product_tag","embeddable":true,"href":"https:\/\/hzcork.com\/es\/wp-json\/wp\/v2\/product_tag?post=10455"}],"curies":[{"name":"wp","href":"https:\/\/api.w.org\/{rel}","templated":true}]}}