{"id":10446,"date":"2021-11-03T18:21:56","date_gmt":"2021-11-03T10:21:56","guid":{"rendered":"http:\/\/hzcork.com\/?post_type=product&#038;p=10446"},"modified":"2021-11-25T18:33:09","modified_gmt":"2021-11-25T10:33:09","slug":"metal-zip-closure-cork-coin-purse","status":"publish","type":"product","link":"https:\/\/hzcork.com\/es\/metal-zip-closure-cork-coin-purse\/","title":{"rendered":"Monedero de corcho con cierre met\u00e1lico"},"content":{"rendered":"<p>Caracter\u00edstica:<\/p>\n<ul>\n<li>monedero de corcho clutch de mano.<\/li>\n<li>cierre de cremallera met\u00e1lica, suave de abrir y cerrar, sin \u00f3xido.<\/li>\n<li>Forro de tela de algod\u00f3n.<\/li>\n<li>Disponemos de diferentes patrones de impresi\u00f3n. La impresi\u00f3n personalizada es bienvenida.<\/li>\n<\/ul>\n<p class=\"wt-text-body-01 wt-break-word\" data-product-details-description-text-content=\"\">Talla y ajuste<br \/>\n- Altura: 4 \"<br \/>\n- Longitud: 4 \"<br \/>\n- Anchura: 1 \"<\/p>","protected":false},"excerpt":{"rendered":"<div class=\"wt-m-xs-2\">\n<div id=\"machine-translation-notice\" class=\"machine-translation-notice translated\">\n<div class=\"translated-block\">\n<div class=\"translate-button\">Monedero de corcho con cierre de cremallera met\u00e1lica, f\u00e1cil de sujetar con las manos, pr\u00e1ctico para mantener organizados sus cambios y monedas.<\/div>\n<div class=\"translate-button\">Destaca:<\/div>\n<ul>\n<li class=\"translate-button\">100% Corcho natural, duradero y ligero.<\/li>\n<li>Corcho resistente a los ara\u00f1azos, larga vida \u00fatil.<\/li>\n<li>El patr\u00f3n de impresi\u00f3n OEM est\u00e1 disponible, cierre de cremallera de metal resistente.<\/li>\n<li>combinando a la vez funci\u00f3n pr\u00e1ctica y conciencia ecol\u00f3gica con el medio ambiente.<\/li>\n<\/ul>\n<\/div>\n<\/div>\n<\/div>\n<div data-id=\"description-text\">\n<div id=\"wt-content-toggle-product-details-read-more\" class=\"wt-content-toggle__body wt-content-toggle__body--truncated-03 wt-content-toggle__body--truncated\" aria-hidden=\"false\">\n<p class=\"wt-text-body-01 wt-break-word\" data-product-details-description-text-content=\"\">Corcho de cuero vegano, 100% sin animales.<br \/>\nHecho a mano en China con herrajes resistentes.<\/p>\n<p>contenido<br \/>\n- Tejido: Tejido de algod\u00f3n<br \/>\n- Forro: Corcho<\/p>\n<\/div>\n<\/div>","protected":false},"featured_media":10450,"template":"","meta":[],"product_brand":[],"product_cat":[150,161],"product_tag":[266,267,185,264,265],"class_list":{"0":"post-10446","1":"product","2":"type-product","3":"status-publish","4":"has-post-thumbnail","6":"product_cat-cork-wallets","7":"product_cat-cork-purse","8":"product_tag-cork-cluth-bag","9":"product_tag-cork-cluth-purse","10":"product_tag-cork-coin-purse","11":"product_tag-cork-purse","12":"product_tag-metal-cork-purse","14":"first","15":"instock","16":"shipping-taxable","17":"product-type-simple"},"_links":{"self":[{"href":"https:\/\/hzcork.com\/es\/wp-json\/wp\/v2\/product\/10446","targetHints":{"allow":["GET"]}}],"collection":[{"href":"https:\/\/hzcork.com\/es\/wp-json\/wp\/v2\/product"}],"about":[{"href":"https:\/\/hzcork.com\/es\/wp-json\/wp\/v2\/types\/product"}],"version-history":[{"count":0,"href":"https:\/\/hzcork.com\/es\/wp-json\/wp\/v2\/product\/10446\/revisions"}],"wp:featuredmedia":[{"embeddable":true,"href":"https:\/\/hzcork.com\/es\/wp-json\/wp\/v2\/media\/10450"}],"wp:attachment":[{"href":"https:\/\/hzcork.com\/es\/wp-json\/wp\/v2\/media?parent=10446"}],"wp:term":[{"taxonomy":"product_brand","embeddable":true,"href":"https:\/\/hzcork.com\/es\/wp-json\/wp\/v2\/product_brand?post=10446"},{"taxonomy":"product_cat","embeddable":true,"href":"https:\/\/hzcork.com\/es\/wp-json\/wp\/v2\/product_cat?post=10446"},{"taxonomy":"product_tag","embeddable":true,"href":"https:\/\/hzcork.com\/es\/wp-json\/wp\/v2\/product_tag?post=10446"}],"curies":[{"name":"wp","href":"https:\/\/api.w.org\/{rel}","templated":true}]}}