{"id":10430,"date":"2021-10-29T07:46:07","date_gmt":"2021-10-29T07:46:07","guid":{"rendered":"http:\/\/hzcork.com\/?post_type=product&#038;p=10430"},"modified":"2021-11-03T18:12:51","modified_gmt":"2021-11-03T10:12:51","slug":"vegan-cork-wallets-4","status":"publish","type":"product","link":"https:\/\/hzcork.com\/es\/vegan-cork-wallets-4\/","title":{"rendered":"Carteras de corcho natural vegano personalizadas"},"content":{"rendered":"<div class=\"wt-m-xs-2\">\n<div id=\"machine-translation-notice\" class=\"machine-translation-notice translated\">\n<div class=\"translated-block\">\n<div class=\"translate-button\">\n<p>Caracter\u00edstica:<\/p>\n<ul>\n<li>un bolsillo interior con cremallera, ocho bolsillos para tarjetas de cr\u00e9dito, dos bolsillos interiores antideslizantes y una pr\u00e1ctica asa.<\/li>\n<li>una cremallera exterior, de deslizamiento suave, sin \u00f3xido.<\/li>\n<li>Forro de cuero PU o tejido compuesto de corcho.<\/li>\n<li>Disponemos de diferentes patrones de impresi\u00f3n. La impresi\u00f3n personalizada es bienvenida.<\/li>\n<\/ul>\n<p class=\"wt-text-body-01 wt-break-word\" data-product-details-description-text-content=\"\">Talla y ajuste<br \/>\n- Altura: 4 \"<br \/>\n- Longitud: 7.8 \"<br \/>\n- Anchura: 1 \"<\/p>\n<\/div>\n<\/div>\n<\/div>\n<\/div>","protected":false},"excerpt":{"rendered":"<div class=\"wt-m-xs-2\">\n<div id=\"machine-translation-notice\" class=\"machine-translation-notice translated\">\n<div class=\"translated-block\">\n<div class=\"translate-button\">Suministro de servicio OEM de Natural Vegan Cork Billeteras con diferentes tipos de patrones de color, un interior espacioso para mantener sus elementos esenciales organizados.<\/div>\n<div class=\"translate-button\">Destaca:<\/div>\n<ul>\n<li class=\"translate-button\">100% Corcho natural, duradero y ligero.<\/li>\n<li>Corcho resistente a los ara\u00f1azos, larga vida \u00fatil.<\/li>\n<li>parece madera, pero no hace falta talar \u00e1rboles.<\/li>\n<li>combinan la funci\u00f3n pr\u00e1ctica y la conciencia ecol\u00f3gica con el medio ambiente.<\/li>\n<\/ul>\n<\/div>\n<\/div>\n<\/div>\n<div data-id=\"description-text\">\n<div id=\"wt-content-toggle-product-details-read-more\" class=\"wt-content-toggle__body wt-content-toggle__body--truncated-03 wt-content-toggle__body--truncated\" aria-hidden=\"false\">\n<p class=\"wt-text-body-01 wt-break-word\" data-product-details-description-text-content=\"\">Corcho de cuero vegano, 100% sin animales.<br \/>\nHecho a mano en China con herrajes resistentes.<\/p>\n<p>contenido<br \/>\n- Casco: Corcho<br \/>\n- Forro: Corcho<\/p>\n<\/div>\n<\/div>","protected":false},"featured_media":10432,"template":"","meta":[],"product_brand":[],"product_cat":[161,150],"product_tag":[264,258,259,263,261],"class_list":{"0":"post-10430","1":"product","2":"type-product","3":"status-publish","4":"has-post-thumbnail","6":"product_cat-cork-purse","7":"product_cat-cork-wallets","8":"product_tag-cork-purse","9":"product_tag-cork-wallet","10":"product_tag-cork-wallets","11":"product_tag-natural-cork-wallets","12":"product_tag-vegan-cork-wallets","14":"first","15":"instock","16":"shipping-taxable","17":"product-type-simple"},"_links":{"self":[{"href":"https:\/\/hzcork.com\/es\/wp-json\/wp\/v2\/product\/10430","targetHints":{"allow":["GET"]}}],"collection":[{"href":"https:\/\/hzcork.com\/es\/wp-json\/wp\/v2\/product"}],"about":[{"href":"https:\/\/hzcork.com\/es\/wp-json\/wp\/v2\/types\/product"}],"version-history":[{"count":0,"href":"https:\/\/hzcork.com\/es\/wp-json\/wp\/v2\/product\/10430\/revisions"}],"wp:featuredmedia":[{"embeddable":true,"href":"https:\/\/hzcork.com\/es\/wp-json\/wp\/v2\/media\/10432"}],"wp:attachment":[{"href":"https:\/\/hzcork.com\/es\/wp-json\/wp\/v2\/media?parent=10430"}],"wp:term":[{"taxonomy":"product_brand","embeddable":true,"href":"https:\/\/hzcork.com\/es\/wp-json\/wp\/v2\/product_brand?post=10430"},{"taxonomy":"product_cat","embeddable":true,"href":"https:\/\/hzcork.com\/es\/wp-json\/wp\/v2\/product_cat?post=10430"},{"taxonomy":"product_tag","embeddable":true,"href":"https:\/\/hzcork.com\/es\/wp-json\/wp\/v2\/product_tag?post=10430"}],"curies":[{"name":"wp","href":"https:\/\/api.w.org\/{rel}","templated":true}]}}