{"id":10422,"date":"2021-10-29T07:45:14","date_gmt":"2021-10-29T07:45:14","guid":{"rendered":"http:\/\/hzcork.com\/?post_type=product&#038;p=10422"},"modified":"2021-11-03T18:22:02","modified_gmt":"2021-11-03T10:22:02","slug":"cork-coin-purse","status":"publish","type":"product","link":"https:\/\/hzcork.com\/es\/cork-coin-purse\/","title":{"rendered":"Monedero de corcho natural"},"content":{"rendered":"<p>Caracter\u00edstica:<\/p>\n<ul>\n<li>Cuatro bolsillos para tarjetas de cr\u00e9dito, dos bolsillos interiores antideslizantes (2 tipos de instrucciones interiores).<\/li>\n<li>una cremallera exterior, de deslizamiento suave, sin \u00f3xido.<\/li>\n<li>Forro de cuero PU o tejido compuesto de corcho.<\/li>\n<li>Disponemos de diferentes patrones de impresi\u00f3n. La impresi\u00f3n personalizada es bienvenida.<\/li>\n<\/ul>\n<p class=\"wt-text-body-01 wt-break-word\" data-product-details-description-text-content=\"\">Talla y ajuste<br \/>\n- Altura: 4 \"<br \/>\n- Longitud: 4 \"<br \/>\n- Anchura: 1 \"<\/p>","protected":false},"excerpt":{"rendered":"<div class=\"wt-m-xs-2\">\n<div id=\"machine-translation-notice\" class=\"machine-translation-notice translated\">\n<div class=\"translated-block\">\n<div class=\"translate-button\">Monedero de corcho natural con un espacioso interior para mantener organizadas las tarjetas de cr\u00e9dito, el cambio y las monedas.<\/div>\n<div class=\"translate-button\">Destaca:<\/div>\n<ul>\n<li class=\"translate-button\">100% Corcho natural, duradero y ligero.<\/li>\n<li>Parece madera, pero no es necesario talar \u00e1rboles.Corcho resistente a los ara\u00f1azos, larga vida \u00fatil.<\/li>\n<li>combinan la funci\u00f3n pr\u00e1ctica y la conciencia ecol\u00f3gica con el medio ambiente.<\/li>\n<\/ul>\n<\/div>\n<\/div>\n<\/div>\n<div data-id=\"description-text\">\n<div id=\"wt-content-toggle-product-details-read-more\" class=\"wt-content-toggle__body wt-content-toggle__body--truncated-03 wt-content-toggle__body--truncated\" aria-hidden=\"false\">\n<p class=\"wt-text-body-01 wt-break-word\" data-product-details-description-text-content=\"\">Corcho de cuero vegano, 100% sin animales.<br \/>\nHecho a mano en China con herrajes resistentes.<\/p>\n<p>contenido<br \/>\n- Casco: Corcho<br \/>\n- Forro: Corcho<\/p>\n<\/div>\n<\/div>","protected":false},"featured_media":10425,"template":"","meta":[],"product_brand":[],"product_cat":[161,150],"product_tag":[185,264,258,259,269,268],"class_list":{"0":"post-10422","1":"product","2":"type-product","3":"status-publish","4":"has-post-thumbnail","6":"product_cat-cork-purse","7":"product_cat-cork-wallets","8":"product_tag-cork-coin-purse","9":"product_tag-cork-purse","10":"product_tag-cork-wallet","11":"product_tag-cork-wallets","12":"product_tag-cork-wallets-oem","13":"product_tag-customed-cork-purse","15":"first","16":"instock","17":"shipping-taxable","18":"product-type-simple"},"_links":{"self":[{"href":"https:\/\/hzcork.com\/es\/wp-json\/wp\/v2\/product\/10422","targetHints":{"allow":["GET"]}}],"collection":[{"href":"https:\/\/hzcork.com\/es\/wp-json\/wp\/v2\/product"}],"about":[{"href":"https:\/\/hzcork.com\/es\/wp-json\/wp\/v2\/types\/product"}],"version-history":[{"count":0,"href":"https:\/\/hzcork.com\/es\/wp-json\/wp\/v2\/product\/10422\/revisions"}],"wp:featuredmedia":[{"embeddable":true,"href":"https:\/\/hzcork.com\/es\/wp-json\/wp\/v2\/media\/10425"}],"wp:attachment":[{"href":"https:\/\/hzcork.com\/es\/wp-json\/wp\/v2\/media?parent=10422"}],"wp:term":[{"taxonomy":"product_brand","embeddable":true,"href":"https:\/\/hzcork.com\/es\/wp-json\/wp\/v2\/product_brand?post=10422"},{"taxonomy":"product_cat","embeddable":true,"href":"https:\/\/hzcork.com\/es\/wp-json\/wp\/v2\/product_cat?post=10422"},{"taxonomy":"product_tag","embeddable":true,"href":"https:\/\/hzcork.com\/es\/wp-json\/wp\/v2\/product_tag?post=10422"}],"curies":[{"name":"wp","href":"https:\/\/api.w.org\/{rel}","templated":true}]}}