{"id":4655,"date":"2021-09-02T03:32:15","date_gmt":"2021-09-02T03:32:15","guid":{"rendered":"http:\/\/hzcork.com\/?page_id=4655"},"modified":"2025-05-27T19:16:02","modified_gmt":"2025-05-27T11:16:02","slug":"terms-of-service","status":"publish","type":"page","link":"https:\/\/hzcork.com\/es\/terms-of-service\/","title":{"rendered":"Condiciones de uso"},"content":{"rendered":"<div data-elementor-type=\"wp-page\" data-elementor-id=\"4655\" class=\"elementor elementor-4655\" data-elementor-settings=\"{&quot;ha_cmc_init_switcher&quot;:&quot;no&quot;}\" data-elementor-post-type=\"page\">\n\t\t\t\t\t\t<section class=\"elementor-section elementor-top-section elementor-element elementor-element-400fdfb5 elementor-section-boxed elementor-section-height-default elementor-section-height-default\" data-id=\"400fdfb5\" data-element_type=\"section\" data-e-type=\"section\" data-settings=\"{&quot;_ha_eqh_enable&quot;:false}\">\n\t\t\t\t\t\t<div class=\"elementor-container elementor-column-gap-default\">\n\t\t\t\t\t<div class=\"elementor-column elementor-col-100 elementor-top-column elementor-element elementor-element-5add7e5c\" data-id=\"5add7e5c\" data-element_type=\"column\" data-e-type=\"column\">\n\t\t\t<div class=\"elementor-widget-wrap elementor-element-populated\">\n\t\t\t\t\t\t<div class=\"elementor-element elementor-element-dea1970 elementor-widget elementor-widget-heading\" data-id=\"dea1970\" data-element_type=\"widget\" data-e-type=\"widget\" data-widget_type=\"heading.default\">\n\t\t\t\t<div class=\"elementor-widget-container\">\n\t\t\t\t\t<h1 class=\"elementor-heading-title elementor-size-default\">Condiciones de servicio de HZCORK\n<\/h1>\t\t\t\t<\/div>\n\t\t\t\t<\/div>\n\t\t\t\t<div class=\"elementor-element elementor-element-5a92ceb elementor-widget elementor-widget-text-editor\" data-id=\"5a92ceb\" data-element_type=\"widget\" data-e-type=\"widget\" data-widget_type=\"text-editor.default\">\n\t\t\t\t<div class=\"elementor-widget-container\">\n\t\t\t\t\t\t\t\t\t<h3>1. T\u00e9rminos<\/h3><p>Accediendo al sitio web\u00a0<a href=\"https:\/\/hzcork.com\/es\/\" target=\"_blank\" rel=\"noopener\">https:\/\/hzcork.com<\/a>Si no est\u00e1 de acuerdo con cualquiera de estas condiciones, se le proh\u00edbe utilizar o acceder a este sitio. Si no est\u00e1 de acuerdo con alguna de estas condiciones, se le proh\u00edbe utilizar o acceder a este sitio. Los materiales contenidos en este sitio web est\u00e1n protegidos por la legislaci\u00f3n aplicable en materia de derechos de autor y marcas registradas.<\/p><h3>2. Licencia de uso<\/h3><ol type=\"a\"><li>Se concede permiso para descargar temporalmente una copia de los materiales (informaci\u00f3n o software) en el sitio web de HZCORK s\u00f3lo para uso personal, no comercial y transitorio. Esta es la concesi\u00f3n de una licencia, no una transferencia de t\u00edtulo, y bajo esta licencia usted no puede:<br \/><ol type=\"i\"><li>modificar o copiar los materiales;<\/li><li>utilizar los materiales para cualquier fin comercial, o para cualquier exhibici\u00f3n p\u00fablica (comercial o no comercial);<\/li><li>intentar descompilar o realizar ingenier\u00eda inversa en cualquier software contenido en el sitio web de HZCORK;<\/li><li>eliminar de los materiales cualquier menci\u00f3n relativa a derechos de autor u otros derechos de propiedad; o<\/li><li>transferir los materiales a otra persona o \"reflejar\" los materiales en cualquier otro servidor.<\/li><\/ol><\/li><li>Esta licencia terminar\u00e1 autom\u00e1ticamente si usted viola cualquiera de estas restricciones y puede ser terminada por HZCORK en cualquier momento. Una vez finalizada la visualizaci\u00f3n de estos materiales o la rescisi\u00f3n de esta licencia, deber\u00e1 destruir cualquier material descargado que posea, ya sea en formato electr\u00f3nico o impreso.<\/li><\/ol><h3>3. Descargo de responsabilidad<\/h3><ol type=\"a\"><li>Los materiales del sitio web de HZCOKR se proporcionan \"tal cual\". HZCOKR no ofrece ninguna garant\u00eda, expresa o impl\u00edcita, y por la presente renuncia y niega todas las dem\u00e1s garant\u00edas, incluyendo, sin limitaci\u00f3n, las garant\u00edas o condiciones impl\u00edcitas de comerciabilidad, idoneidad para un prop\u00f3sito particular, o no infracci\u00f3n de la propiedad intelectual u otra violaci\u00f3n de los derechos.<\/li><li>Adem\u00e1s, HZCORK no garantiza ni hace ninguna representaci\u00f3n con respecto a la exactitud, los resultados probables, o la fiabilidad de la utilizaci\u00f3n de los materiales en su sitio web o de otro tipo relativa a dichos materiales o en cualquier sitio vinculado a este sitio.<\/li><\/ol><h3>4. Limitaciones<\/h3><p>En ning\u00fan caso HZCORK o sus proveedores ser\u00e1n responsables de cualquier da\u00f1o (incluyendo, sin limitaci\u00f3n, da\u00f1os por p\u00e9rdida de datos o beneficios, o debido a la interrupci\u00f3n del negocio) que surjan del uso o la imposibilidad de usar los materiales en el sitio web de HZCORK, incluso si HZCOKR o un representante autorizado de HZCOKR ha sido notificado oralmente o por escrito de la posibilidad de tales da\u00f1os. Debido a que algunas jurisdicciones no permiten limitaciones en las garant\u00edas impl\u00edcitas, o limitaciones de responsabilidad por da\u00f1os consecuenciales o incidentales, estas limitaciones pueden no aplicarse a usted.<\/p><h3>5. Exactitud de los materiales<\/h3><p>Los materiales que aparecen en el sitio web de HZCORK podr\u00edan incluir errores t\u00e9cnicos, tipogr\u00e1ficos o fotogr\u00e1ficos. HZCOKR no garantiza que ninguno de los materiales de su sitio web sea preciso, completo o actual. HZCORK puede hacer cambios a los materiales contenidos en su sitio web en cualquier momento sin previo aviso. Sin embargo, HZCOKR no se compromete a actualizar los materiales.<\/p><h3>6. Enlaces<\/h3><p><span style=\"background-color: var( --e-global-color-6ecf397 ); color: var(--color); font-size: inherit; text-align: inherit; font-family: var(--fontFamily); font-style: var(--fontStyle, inherit); font-weight: var(--fontWeight); letter-spacing: var(--letterSpacing); text-transform: var(--textTransform);\">HZCORK<\/span>\u00a0no ha revisado todos los sitios vinculados a su sitio web y no es responsable de los contenidos de dichos sitios vinculados. La inclusi\u00f3n de cualquier enlace no implica la aprobaci\u00f3n del sitio por parte de HZCORK. El uso de cualquiera de estos sitios web enlazados corre por cuenta y riesgo del usuario.<\/p><h3>7. Modificaciones<\/h3><p><span style=\"background-color: var( --e-global-color-6ecf397 ); color: var(--color); font-size: inherit; text-align: inherit; font-family: var(--fontFamily); font-style: var(--fontStyle, inherit); font-weight: var(--fontWeight); letter-spacing: var(--letterSpacing); text-transform: var(--textTransform);\">HZCORK<\/span>\u00a0puede revisar estas condiciones de servicio de su sitio web en cualquier momento y sin previo aviso. El uso de este sitio web implica la aceptaci\u00f3n de la versi\u00f3n vigente de estas condiciones de servicio.<\/p><h3>8. Derecho aplicable<\/h3><p>Estos t\u00e9rminos y condiciones se rigen e interpretan de acuerdo con las leyes de China y usted se somete irrevocablemente a la jurisdicci\u00f3n exclusiva de los tribunales de ese Estado o lugar.<\/p>\t\t\t\t\t\t\t\t<\/div>\n\t\t\t\t<\/div>\n\t\t\t\t\t<\/div>\n\t\t<\/div>\n\t\t\t\t\t<\/div>\n\t\t<\/section>\n\t\t\t\t<\/div>","protected":false},"excerpt":{"rendered":"<p>Condiciones de servicio de HZCORK 1. Condiciones de servicio Condiciones Al acceder al sitio web https:\/\/hzcork.com, usted acepta quedar vinculado por estas condiciones de servicio, todas las leyes y reglamentos aplicables, y acepta que es responsable del cumplimiento de cualquier ley local aplicable. Si no est\u00e1 de acuerdo con alguno de estos t\u00e9rminos, se le proh\u00edbe utilizar [...]<\/p>","protected":false},"author":1,"featured_media":0,"parent":0,"menu_order":7,"comment_status":"closed","ping_status":"closed","template":"","meta":{"footnotes":""},"class_list":["post-4655","page","type-page","status-publish","hentry"],"_links":{"self":[{"href":"https:\/\/hzcork.com\/es\/wp-json\/wp\/v2\/pages\/4655","targetHints":{"allow":["GET"]}}],"collection":[{"href":"https:\/\/hzcork.com\/es\/wp-json\/wp\/v2\/pages"}],"about":[{"href":"https:\/\/hzcork.com\/es\/wp-json\/wp\/v2\/types\/page"}],"author":[{"embeddable":true,"href":"https:\/\/hzcork.com\/es\/wp-json\/wp\/v2\/users\/1"}],"replies":[{"embeddable":true,"href":"https:\/\/hzcork.com\/es\/wp-json\/wp\/v2\/comments?post=4655"}],"version-history":[{"count":0,"href":"https:\/\/hzcork.com\/es\/wp-json\/wp\/v2\/pages\/4655\/revisions"}],"wp:attachment":[{"href":"https:\/\/hzcork.com\/es\/wp-json\/wp\/v2\/media?parent=4655"}],"curies":[{"name":"wp","href":"https:\/\/api.w.org\/{rel}","templated":true}]}}