{"id":3358,"date":"2021-08-26T02:04:01","date_gmt":"2021-08-26T02:04:01","guid":{"rendered":"http:\/\/hzcork.com\/?page_id=3358"},"modified":"2025-05-27T19:17:40","modified_gmt":"2025-05-27T11:17:40","slug":"faq","status":"publish","type":"page","link":"https:\/\/hzcork.com\/es\/faq\/","title":{"rendered":"PREGUNTAS FRECUENTES"},"content":{"rendered":"<div data-elementor-type=\"wp-page\" data-elementor-id=\"3358\" class=\"elementor elementor-3358\" data-elementor-settings=\"{&quot;ha_cmc_init_switcher&quot;:&quot;no&quot;}\" data-elementor-post-type=\"page\">\n\t\t\t\t<div class=\"elementor-element elementor-element-8dece54 e-flex e-con-boxed e-con e-parent\" data-id=\"8dece54\" data-element_type=\"container\" data-e-type=\"container\" data-settings=\"{&quot;_ha_eqh_enable&quot;:false}\">\n\t\t\t\t\t<div class=\"e-con-inner\">\n\t\t<div class=\"elementor-element elementor-element-1d969f2 e-con-full e-flex e-con e-child\" data-id=\"1d969f2\" data-element_type=\"container\" data-e-type=\"container\" data-settings=\"{&quot;background_background&quot;:&quot;classic&quot;,&quot;_ha_eqh_enable&quot;:false}\">\n\t\t\t\t<div class=\"elementor-element elementor-element-bd20325 elementor-widget__width-auto elementor-absolute elementor-view-default elementor-widget elementor-widget-icon\" data-id=\"bd20325\" data-element_type=\"widget\" data-e-type=\"widget\" data-settings=\"{&quot;_position&quot;:&quot;absolute&quot;}\" data-widget_type=\"icon.default\">\n\t\t\t\t<div class=\"elementor-widget-container\">\n\t\t\t\t\t\t\t<div class=\"elementor-icon-wrapper\">\n\t\t\t<div class=\"elementor-icon\">\n\t\t\t\t\t\t<\/div>\n\t\t<\/div>\n\t\t\t\t\t\t<\/div>\n\t\t\t\t<\/div>\n\t\t<div class=\"elementor-element elementor-element-9411fa6 e-con-full e-flex e-con e-child\" data-id=\"9411fa6\" data-element_type=\"container\" data-e-type=\"container\" data-settings=\"{&quot;background_background&quot;:&quot;classic&quot;,&quot;_ha_eqh_enable&quot;:false}\">\n\t\t<div class=\"elementor-element elementor-element-beb9c72 e-con-full e-flex e-con e-child\" data-id=\"beb9c72\" data-element_type=\"container\" data-e-type=\"container\" data-settings=\"{&quot;_ha_eqh_enable&quot;:false}\">\n\t\t\t\t<div class=\"elementor-element elementor-element-9c17836 elementor-widget elementor-widget-heading\" data-id=\"9c17836\" data-element_type=\"widget\" data-e-type=\"widget\" data-widget_type=\"heading.default\">\n\t\t\t\t<div class=\"elementor-widget-container\">\n\t\t\t\t\t<h1 class=\"elementor-heading-title elementor-size-default\">Preguntas frecuentes sobre el tejido de corcho<\/h1>\t\t\t\t<\/div>\n\t\t\t\t<\/div>\n\t\t\t\t<div class=\"elementor-element elementor-element-bd97193 elementor-widget elementor-widget-heading\" data-id=\"bd97193\" data-element_type=\"widget\" data-e-type=\"widget\" data-widget_type=\"heading.default\">\n\t\t\t\t<div class=\"elementor-widget-container\">\n\t\t\t\t\t<h2 class=\"elementor-heading-title elementor-size-default\">Estamos aqu\u00ed para ayudarle con cualquier duda que pueda tener<\/h2>\t\t\t\t<\/div>\n\t\t\t\t<\/div>\n\t\t\t\t<\/div>\n\t\t\t\t<\/div>\n\t\t<div class=\"elementor-element elementor-element-c78f21c e-con-full e-flex e-con e-child\" data-id=\"c78f21c\" data-element_type=\"container\" data-e-type=\"container\" data-settings=\"{&quot;_ha_eqh_enable&quot;:false}\">\n\t\t<div class=\"elementor-element elementor-element-ce83f56 e-con-full e-flex e-con e-child\" data-id=\"ce83f56\" data-element_type=\"container\" data-e-type=\"container\" data-settings=\"{&quot;_ha_eqh_enable&quot;:false}\">\n\t\t\t\t<div class=\"elementor-element elementor-element-a0a3715 ha-infobox-media-dir-top elementor-widget elementor-widget-ha-infobox happy-addon ha-infobox\" data-id=\"a0a3715\" data-element_type=\"widget\" data-e-type=\"widget\" data-widget_type=\"ha-infobox.default\">\n\t\t\t\t<div class=\"elementor-widget-container\">\n\t\t\t\t\t\n\t\t\n\t\t<div class=\"ha-infobox-body\">\n\t\t\t<h3 class=\"ha-infobox-title\">\u00bfQu\u00e9 es el corcho y por qu\u00e9 es un material sostenible?<\/h3>\n\t\t\t\t\t\t\t<div class=\"ha-infobox-text\">\n\t\t\t\t\t<p>El corcho se obtiene de la corteza del alcornoque. Los \u00e1rboles viven en la regi\u00f3n mediterr\u00e1nea, especialmente en las zonas rurales del sur de Portugal, donde pueden vivir hasta 200 a\u00f1os. Como no hay que talar el \u00e1rbol durante la temporada de cosecha, la corteza se regenera en unos 8-9 a\u00f1os.\n\n<\/p>\n\t\t\t\t<\/div>\n\t\t\t\n\t\t\t\t\t<\/div>\n\t\t\t\t\t\t<\/div>\n\t\t\t\t<\/div>\n\t\t\t\t<div class=\"elementor-element elementor-element-4ba44c4 ha-infobox-media-dir-top elementor-widget elementor-widget-ha-infobox happy-addon ha-infobox\" data-id=\"4ba44c4\" data-element_type=\"widget\" data-e-type=\"widget\" data-widget_type=\"ha-infobox.default\">\n\t\t\t\t<div class=\"elementor-widget-container\">\n\t\t\t\t\t\n\t\t\n\t\t<div class=\"ha-infobox-body\">\n\t\t\t<h3 class=\"ha-infobox-title\">\u00bfC\u00f3mo se fabrica el tejido de corcho? \u00bfQu\u00e9 pegamento utiliz\u00f3?<\/h3>\n\t\t\t\t\t\t\t<div class=\"ha-infobox-text\">\n\t\t\t\t\t<p>Las fin\u00edsimas l\u00e1minas de tejido de corcho se pelan a m\u00e1quina de la corteza del alcornoque y se adhieren a un soporte textil. Utilizamos cola a base de agua (fabricada a partir de l\u00e1tex), sin olor y respetuosa con nuestra salud.\n\n<\/p>\n\t\t\t\t<\/div>\n\t\t\t\n\t\t\t\t\t<\/div>\n\t\t\t\t\t\t<\/div>\n\t\t\t\t<\/div>\n\t\t\t\t<div class=\"elementor-element elementor-element-4d10fd4 ha-infobox-media-dir-top elementor-widget elementor-widget-ha-infobox happy-addon ha-infobox\" data-id=\"4d10fd4\" data-element_type=\"widget\" data-e-type=\"widget\" data-widget_type=\"ha-infobox.default\">\n\t\t\t\t<div class=\"elementor-widget-container\">\n\t\t\t\t\t\n\t\t\n\t\t<div class=\"ha-infobox-body\">\n\t\t\t<h3 class=\"ha-infobox-title\">\u00bfQu\u00e9 tipo de soporte de tela de corcho has utilizado?<\/h3>\n\t\t\t\t\t\t\t<div class=\"ha-infobox-text\">\n\t\t\t\t\t<p>Nuestro proceso de fabricaci\u00f3n nos permite trabajar con distintos soportes.<br>\n- Soporte TC (grosor de 0,25 mm, 0,55 y 0,8 mm) o tejido TC reciclado.<br>\n- Revestimiento de cuero PU (0,65 mm).<br>\n- Soporte de microfibra (0,65 mm, 1,0 mm).<br>\n -Soporte de algod\u00f3n o lino (0,3 mm).<br>\n- Soporte de lona (0,9 mm).<br>\n- fibra de soja + soporte de tencel o fibra de ma\u00edz.<br>\n- soporte de papel artesanal (0,2 mm).<br><\/p>\n\t\t\t\t<\/div>\n\t\t\t\n\t\t\t\t\t<\/div>\n\t\t\t\t\t\t<\/div>\n\t\t\t\t<\/div>\n\t\t\t\t<div class=\"elementor-element elementor-element-740874e ha-infobox-media-dir-top elementor-widget elementor-widget-ha-infobox happy-addon ha-infobox\" data-id=\"740874e\" data-element_type=\"widget\" data-e-type=\"widget\" data-widget_type=\"ha-infobox.default\">\n\t\t\t\t<div class=\"elementor-widget-container\">\n\t\t\t\t\t\n\t\t\n\t\t<div class=\"ha-infobox-body\">\n\t\t\t<h3 class=\"ha-infobox-title\">\u00bfPara qu\u00e9 sirve el tejido Cork?<\/h3>\n\t\t\t\t\t\t\t<div class=\"ha-infobox-text\">\n\t\t\t\t\t<p>Puede utilizarlo para hacer bolsos, carteras y monederos, proyectos de artesan\u00eda DIY, suelas y empeines de zapatos, esterillas y bloques de yoga o papel pintado para tapicer\u00eda. El tejido de corcho es un material respetuoso con el medio ambiente, una alternativa incre\u00edble al cuero o al vinilo.\u00a0<\/p>\n\t\t\t\t<\/div>\n\t\t\t\n\t\t\t\t\t<\/div>\n\t\t\t\t\t\t<\/div>\n\t\t\t\t<\/div>\n\t\t\t\t<\/div>\n\t\t<div class=\"elementor-element elementor-element-5fb7a6c e-con-full e-flex e-con e-child\" data-id=\"5fb7a6c\" data-element_type=\"container\" data-e-type=\"container\" data-settings=\"{&quot;_ha_eqh_enable&quot;:false}\">\n\t\t\t\t<div class=\"elementor-element elementor-element-1d41be6 ha-infobox-media-dir-top elementor-widget elementor-widget-ha-infobox happy-addon ha-infobox\" data-id=\"1d41be6\" data-element_type=\"widget\" data-e-type=\"widget\" data-widget_type=\"ha-infobox.default\">\n\t\t\t\t<div class=\"elementor-widget-container\">\n\t\t\t\t\t\n\t\t\n\t\t<div class=\"ha-infobox-body\">\n\t\t\t<h3 class=\"ha-infobox-title\">\u00bfPuedo personalizar mi propio patr\u00f3n en tela de corcho? \u00bfCu\u00e1l es la cantidad m\u00ednima de piezas?<\/h3>\n\t\t\t\t\t\t\t<div class=\"ha-infobox-text\">\n\t\t\t\t\t<p>S\u00ed, aceptamos OEM su propio patr\u00f3n. Si se trata de dise\u00f1o de impresi\u00f3n de seda, MOQ es de 300 yardas; Si se trata de impresi\u00f3n digital, MOQ es de 100 yardas. Si es s\u00f3lo patr\u00f3n mixto en color natural, podemos hacer tela de tama\u00f1o peque\u00f1o en 21*32CM, 150pcs hojas.\n<\/p>\n\t\t\t\t<\/div>\n\t\t\t\n\t\t\t\t\t<\/div>\n\t\t\t\t\t\t<\/div>\n\t\t\t\t<\/div>\n\t\t\t\t<div class=\"elementor-element elementor-element-ebd6f35 ha-infobox-media-dir-top elementor-widget elementor-widget-ha-infobox happy-addon ha-infobox\" data-id=\"ebd6f35\" data-element_type=\"widget\" data-e-type=\"widget\" data-widget_type=\"ha-infobox.default\">\n\t\t\t\t<div class=\"elementor-widget-container\">\n\t\t\t\t\t\n\t\t\n\t\t<div class=\"ha-infobox-body\">\n\t\t\t<h3 class=\"ha-infobox-title\">\u00bfCu\u00e1l es su talla de tela de corcho? \u00bfPuedo tener mi propia talla?<\/h3>\n\t\t\t\t\t\t\t<div class=\"ha-infobox-text\">\n\t\t\t\t\t<p>Tenemos dos tama\u00f1os, la mayor\u00eda de ellos es 1.35m en anchura, paquete por los rollos. El otro es 64 * 95CM hoja.<br>\n\nS\u00ed, podemos cortar seg\u00fan el tama\u00f1o solicitado, como 8 \"X12\".\n<\/p>\n\t\t\t\t<\/div>\n\t\t\t\n\t\t\t\t\t<\/div>\n\t\t\t\t\t\t<\/div>\n\t\t\t\t<\/div>\n\t\t\t\t<div class=\"elementor-element elementor-element-bf18089 ha-infobox-media-dir-top elementor-widget elementor-widget-ha-infobox happy-addon ha-infobox\" data-id=\"bf18089\" data-element_type=\"widget\" data-e-type=\"widget\" data-widget_type=\"ha-infobox.default\">\n\t\t\t\t<div class=\"elementor-widget-container\">\n\t\t\t\t\t\n\t\t\n\t\t<div class=\"ha-infobox-body\">\n\t\t\t<h3 class=\"ha-infobox-title\">\u00bfCu\u00e1l es el grosor del tejido de corcho? Cu\u00e1l es su MOQ para ordenar?<\/h3>\n\t\t\t\t\t\t\t<div class=\"ha-infobox-text\">\n\t\t\t\t\t<p>En general, el tejido de corcho de mayor calidad es de 0,15 a 0,2 mm. Cuanto m\u00e1s fino, mejor. Porque m\u00e1s fino significa m\u00e1s suave con buen pulido. No es f\u00e1cil agrietarse o romperse cuando se dobla.\n\n<br>  Solemos tener existencias de art\u00edculos normales. As\u00ed que aceptamos peque\u00f1as cantidades como una o dos yardas como orden de prueba.<\/p>\n\t\t\t\t<\/div>\n\t\t\t\n\t\t\t\t\t<\/div>\n\t\t\t\t\t\t<\/div>\n\t\t\t\t<\/div>\n\t\t\t\t<div class=\"elementor-element elementor-element-0e9346b ha-infobox-media-dir-top elementor-widget elementor-widget-ha-infobox happy-addon ha-infobox\" data-id=\"0e9346b\" data-element_type=\"widget\" data-e-type=\"widget\" data-widget_type=\"ha-infobox.default\">\n\t\t\t\t<div class=\"elementor-widget-container\">\n\t\t\t\t\t\n\t\t\n\t\t<div class=\"ha-infobox-body\">\n\t\t\t<h3 class=\"ha-infobox-title\">\u00bfQu\u00e9 ventajas tiene la venta al por mayor de tejido de corcho de China en lugar de Portugal?<\/h3>\n\t\t\t\t\t\t\t<div class=\"ha-infobox-text\">\n\t\t\t\t\t<p>En una palabra, China tiene una cadena industrial mucho mejor. Podemos hacer art\u00edculos complicados con entrega r\u00e1pida. Puede haber m\u00e1s mayoristas en Portugal, pero HZ corcho puede garantizar que nuestros precios pueden ser m\u00e1s competitivos y nuestro servicio supera con creces sus expectativas.<\/p>\n\t\t\t\t<\/div>\n\t\t\t\n\t\t\t\t\t<\/div>\n\t\t\t\t\t\t<\/div>\n\t\t\t\t<\/div>\n\t\t\t\t<\/div>\n\t\t<div class=\"elementor-element elementor-element-6b186fb e-con-full e-flex e-con e-child\" data-id=\"6b186fb\" data-element_type=\"container\" data-e-type=\"container\" data-settings=\"{&quot;_ha_eqh_enable&quot;:false}\">\n\t\t\t\t<div class=\"elementor-element elementor-element-9f844ff ha-infobox-media-dir-top elementor-widget elementor-widget-ha-infobox happy-addon ha-infobox\" data-id=\"9f844ff\" data-element_type=\"widget\" data-e-type=\"widget\" data-widget_type=\"ha-infobox.default\">\n\t\t\t\t<div class=\"elementor-widget-container\">\n\t\t\t\t\t\n\t\t\n\t\t<div class=\"ha-infobox-body\">\n\t\t\t<h3 class=\"ha-infobox-title\">\u00bfSe dedican a la fabricaci\u00f3n de tejidos de corcho o de bolsas de corcho?<\/h3>\n\t\t\t\t\t\t\t<div class=\"ha-infobox-text\">\n\t\t\t\t\t<p>S\u00ed, nos centramos tanto en la fabricaci\u00f3n de tela de corcho como de bolsas de corcho. Puesto que tenemos inventario de la tela, podemos aceptar hacer bolsos del corcho de la peque\u00f1a cantidad con entrega r\u00e1pida.<\/p>\n\t\t\t\t<\/div>\n\t\t\t\n\t\t\t\t\t<\/div>\n\t\t\t\t\t\t<\/div>\n\t\t\t\t<\/div>\n\t\t\t\t<div class=\"elementor-element elementor-element-be1e749 ha-infobox-media-dir-top elementor-widget elementor-widget-ha-infobox happy-addon ha-infobox\" data-id=\"be1e749\" data-element_type=\"widget\" data-e-type=\"widget\" data-widget_type=\"ha-infobox.default\">\n\t\t\t\t<div class=\"elementor-widget-container\">\n\t\t\t\t\t\n\t\t\n\t\t<div class=\"ha-infobox-body\">\n\t\t\t<h3 class=\"ha-infobox-title\">\u00bfCu\u00e1les son las opciones de pago? \u00bfPuedo obtener el reembolso si las ventas no son buenas?<\/h3>\n\t\t\t\t\t\t\t<div class=\"ha-infobox-text\">\n\t\t\t\t\t<p>Puede utilizar Western Union, que tiene una tasa m\u00e1s baja, o Alibaba Trade Assurance pagar si puede aceptar una tasa ligeramente superior, pero tenga en cuenta que para los nuevos clientes, s\u00f3lo aceptamos el 30% T\/T del pago como dep\u00f3sito, saldo pagado despu\u00e9s de las mercanc\u00edas terminadas e inspeccionadas.<\/p>\n\t\t\t\t<\/div>\n\t\t\t\n\t\t\t\t\t<\/div>\n\t\t\t\t\t\t<\/div>\n\t\t\t\t<\/div>\n\t\t\t\t<div class=\"elementor-element elementor-element-93877f6 ha-infobox-media-dir-top elementor-widget elementor-widget-ha-infobox happy-addon ha-infobox\" data-id=\"93877f6\" data-element_type=\"widget\" data-e-type=\"widget\" data-widget_type=\"ha-infobox.default\">\n\t\t\t\t<div class=\"elementor-widget-container\">\n\t\t\t\t\t\n\t\t\n\t\t<div class=\"ha-infobox-body\">\n\t\t\t<h3 class=\"ha-infobox-title\">\u00bfCu\u00e1nto suele tardar en llegarme la mercanc\u00eda?<\/h3>\n\t\t\t\t\t\t\t<div class=\"ha-infobox-text\">\n\t\t\t\t\t<p>Depende de si desea hacer la personalizaci\u00f3n en el patr\u00f3n y el tama\u00f1o, y tambi\u00e9n depende de la velocidad de despacho de aduanas y log\u00edstica, pero podemos garantizar para enviar el art\u00edculo de stock regular en menos de 2 d\u00edas h\u00e1biles, y tenemos clientes en EE.UU. y Europa que recibieron las mercanc\u00edas en menos de 2 semanas.<\/p>\n\t\t\t\t<\/div>\n\t\t\t\n\t\t\t\t\t<\/div>\n\t\t\t\t\t\t<\/div>\n\t\t\t\t<\/div>\n\t\t\t\t<div class=\"elementor-element elementor-element-50678ef ha-infobox-media-dir-top elementor-widget elementor-widget-ha-infobox happy-addon ha-infobox\" data-id=\"50678ef\" data-element_type=\"widget\" data-e-type=\"widget\" data-widget_type=\"ha-infobox.default\">\n\t\t\t\t<div class=\"elementor-widget-container\">\n\t\t\t\t\t\n\t\t\n\t\t<div class=\"ha-infobox-body\">\n\t\t\t<h3 class=\"ha-infobox-title\">\u00bfC\u00f3mo embalan y env\u00edan la mercanc\u00eda?<\/h3>\n\t\t\t\t\t\t\t<div class=\"ha-infobox-text\">\n\t\t\t\t\t<p>Empaquetamos la tela de corcho en rollos de 50 yardas por rollo, con un peso bruto de 25-35 kg y 150*25*25 cm. Se puede enviar por aire o por mar.<\/p>\n\t\t\t\t<\/div>\n\t\t\t\n\t\t\t\t\t<\/div>\n\t\t\t\t\t\t<\/div>\n\t\t\t\t<\/div>\n\t\t\t\t<\/div>\n\t\t\t\t<\/div>\n\t\t\t\t<\/div>\n\t\t\t\t\t<\/div>\n\t\t\t\t<\/div>\n\t\t\t\t<\/div>","protected":false},"excerpt":{"rendered":"<p>Preguntas frecuentes sobre el tejido de corcho Estamos aqu\u00ed para ayudarle con cualquier duda que pueda tener \u00bfQu\u00e9 es el corcho y por qu\u00e9 es un material sostenible? El corcho se obtiene de la corteza del alcornoque. Estos \u00e1rboles viven en los alrededores de la regi\u00f3n mediterr\u00e1nea, especialmente en las zonas rurales del sur de Portugal, donde [...]<\/p>","protected":false},"author":1,"featured_media":0,"parent":0,"menu_order":5,"comment_status":"closed","ping_status":"closed","template":"elementor_header_footer","meta":{"footnotes":""},"class_list":["post-3358","page","type-page","status-publish","hentry"],"_links":{"self":[{"href":"https:\/\/hzcork.com\/es\/wp-json\/wp\/v2\/pages\/3358","targetHints":{"allow":["GET"]}}],"collection":[{"href":"https:\/\/hzcork.com\/es\/wp-json\/wp\/v2\/pages"}],"about":[{"href":"https:\/\/hzcork.com\/es\/wp-json\/wp\/v2\/types\/page"}],"author":[{"embeddable":true,"href":"https:\/\/hzcork.com\/es\/wp-json\/wp\/v2\/users\/1"}],"replies":[{"embeddable":true,"href":"https:\/\/hzcork.com\/es\/wp-json\/wp\/v2\/comments?post=3358"}],"version-history":[{"count":0,"href":"https:\/\/hzcork.com\/es\/wp-json\/wp\/v2\/pages\/3358\/revisions"}],"wp:attachment":[{"href":"https:\/\/hzcork.com\/es\/wp-json\/wp\/v2\/media?parent=3358"}],"curies":[{"name":"wp","href":"https:\/\/api.w.org\/{rel}","templated":true}]}}