{"id":8826,"date":"2021-10-29T11:35:17","date_gmt":"2021-10-29T11:35:17","guid":{"rendered":"http:\/\/hzcork.com\/?post_type=product&#038;p=8826"},"modified":"2021-11-25T18:37:36","modified_gmt":"2021-11-25T10:37:36","slug":"natural-portuguese-classic-cork-backpack","status":"publish","type":"product","link":"https:\/\/hzcork.com\/de\/natural-portuguese-classic-cork-backpack\/","title":{"rendered":"Natural Portuguese Classic Kork Rucksack f\u00fcr M\u00e4dchen"},"content":{"rendered":"<p>H\u00f6hepunkt:<\/p>\n<ul>\n<li>Handgefertigt mit feiner Handwerkskunst<\/li>\n<li>Kork + Veganes Leder, 100% tierfrei.<\/li>\n<li>Biologisch abbaubares und nachhaltiges Material<\/li>\n<li>verbinden einzigartiges Design und Ihr Bewusstsein f\u00fcr die Umwelt<\/li>\n<\/ul>","protected":false},"excerpt":{"rendered":"<p>Dies ist eine gut gestaltete und sch\u00f6ne Rucksack f\u00fcr die Damen in den heutigen Alltag f\u00fcr Reisen, Arbeit, Schule oder etc. in Stil zu verwenden.<br \/>\nHergestellt aus: Hochwertiges PU-Leder mit Korktextur, gute K\u00f6rperform<br \/>\nInnen: 100% Baumwollfutter.<\/p>\n<p>Gr\u00f6\u00dfe (ungef\u00e4hr): L = 27cm, H = 28cm, T = 14cm<\/p>\n<p>Zus\u00e4tzlich: Verstellbare Schultergurte<\/p>","protected":false},"featured_media":8827,"template":"","meta":[],"product_brand":[],"product_cat":[163],"product_tag":[254,250,255],"class_list":{"0":"post-8826","1":"product","2":"type-product","3":"status-publish","4":"has-post-thumbnail","6":"product_cat-cork-backpack","7":"product_tag-classic-cork-backpack","8":"product_tag-cork-backpack","9":"product_tag-portugal-cork-backpack","11":"first","12":"instock","13":"shipping-taxable","14":"product-type-simple"},"_links":{"self":[{"href":"https:\/\/hzcork.com\/de\/wp-json\/wp\/v2\/product\/8826","targetHints":{"allow":["GET"]}}],"collection":[{"href":"https:\/\/hzcork.com\/de\/wp-json\/wp\/v2\/product"}],"about":[{"href":"https:\/\/hzcork.com\/de\/wp-json\/wp\/v2\/types\/product"}],"version-history":[{"count":0,"href":"https:\/\/hzcork.com\/de\/wp-json\/wp\/v2\/product\/8826\/revisions"}],"wp:featuredmedia":[{"embeddable":true,"href":"https:\/\/hzcork.com\/de\/wp-json\/wp\/v2\/media\/8827"}],"wp:attachment":[{"href":"https:\/\/hzcork.com\/de\/wp-json\/wp\/v2\/media?parent=8826"}],"wp:term":[{"taxonomy":"product_brand","embeddable":true,"href":"https:\/\/hzcork.com\/de\/wp-json\/wp\/v2\/product_brand?post=8826"},{"taxonomy":"product_cat","embeddable":true,"href":"https:\/\/hzcork.com\/de\/wp-json\/wp\/v2\/product_cat?post=8826"},{"taxonomy":"product_tag","embeddable":true,"href":"https:\/\/hzcork.com\/de\/wp-json\/wp\/v2\/product_tag?post=8826"}],"curies":[{"name":"wp","href":"https:\/\/api.w.org\/{rel}","templated":true}]}}