{"id":8319,"date":"2021-09-20T06:57:17","date_gmt":"2021-09-20T06:57:17","guid":{"rendered":"http:\/\/hzcork.com\/?post_type=product&#038;p=8319"},"modified":"2021-09-28T08:58:48","modified_gmt":"2021-09-28T08:58:48","slug":"fashion-cork-lady-handbag","status":"publish","type":"product","link":"https:\/\/hzcork.com\/de\/fashion-cork-lady-handbag\/","title":{"rendered":"Mode Kork Damenhandtasche"},"content":{"rendered":"<p>F1, Sind Handtaschen aus Kork haltbar?<\/p>\n<p>Die wabenf\u00f6rmige Zellstruktur von Kork macht ihn zu einem hervorragenden Isolator: thermisch und akustisch. Der hohe Reibungskoeffizient von Kork bedeutet auch, dass <b>es ist langlebig in Situationen, in denen regelm\u00e4\u00dfig Reibung und Abrieb auftreten<\/b>. Deshalb ist Kork sogar f\u00fcr die NASA ein beliebtes Material.<\/p>\n<p>F2, Wie lange halten Korkhandtaschen?<\/p>\n<p>Wie Sie wissen, ist der wichtigste Teil der Kork Taschen einschlie\u00dflich Kork Stoff, Futter und Hardware. Kork Stoff ist langlebig, die Hardware, die wir verwenden, ist sehr robust, so dass sie dauern Sie <b>ein Leben lang<\/b>auch wenn Sie sie t\u00e4glich tragen. Wir verwenden auch weiche Polsterung im Inneren, um die perfekte Form zu halten.<\/p>\n<p>F3, Wie pflegt man Korkhandtaschen?<\/p>\n<p>Die Korkbeutel lassen sich leicht sauber halten, indem man <b>ein kleines Handtuch in warmes Wasser tauchen<\/b> (gemischt mit etwas milder Seife) und reiben Sie die Flecken oder schwarzen Flecken von der Korkoberfl\u00e4che ab.<\/p>\n<p>F4, kann ich Handtaschen aus Kork waschen, sind sie wasserdicht?<\/p>\n<p>Ja, Kork ist wasserdicht, man kann ihn ohne Bedenken nass werden lassen. Denken Sie an den Weinkorken. Aber wir raten davon ab, Korkbeutel f\u00fcr l\u00e4ngere Zeit ins Wasser zu tauchen oder in die Waschmaschine zu stecken.<\/p>\n<p>Da das Korkgewebe auf einer Textilunterlage haftet, war der Klebstoff auf Wasserbasis.<\/p>","protected":false},"excerpt":{"rendered":"<p>Die Herzform Kork Handtasche Handcrafted by 100% tierfreie vegane Leder, nat\u00fcrliche und FSC-zertifizierte Kork Stoff.<\/p>\n<p>verbinden einzigartiges Modedesign und Umweltbewusstsein.<\/p>\n<ul>\n<li>ein fester Schultergurt (in der L\u00e4nge verstellbar)<\/li>\n<li>einen speziellen Umschlag mit Magnetknopf.<\/li>\n<li>Innen: 1 Rei\u00dfverschlusstasche, 1 Einschubtasche, gro\u00dfes Innenvolumen, f\u00fcr Brieftasche, Handy, Schl\u00fcssel, alles was man zum Ausgehen braucht.<\/li>\n<li>kann als Kosmetiktasche verwendet werden.<\/li>\n<li>Au\u00dfen: nachhaltiger Naturkorkstoff mit weicher Polsterung, 1 Seitentasche.<\/li>\n<li>Futter: Baumwollgewebe 100%<\/li>\n<li>Hardware: Hochwertige und robuste Hardware, einschlie\u00dflich Rei\u00dfverschluss, D-Ring, Schnalle.<\/li>\n<\/ul>\n<p>- In China hergestelltes Produkt mit portugiesischem Kork<\/p>\n<p>- Umweltfreundlich, langlebig, recycelbar und weich im Griff<\/p>\n<p><strong>Verschiedene Muster und Farben f\u00fcr eine gro\u00dfe Auswahl. OEM mit individuellem Design ist willkommen.<\/strong><\/p>\n<p><strong>Kleine MOQ, schnelle Lieferung, komplizierte Konstruktion ist verf\u00fcgbar. Ohne Farbe verblassen Problem.<\/strong><\/p>\n<p>Gr\u00f6\u00dfe:20X18X10CM(dick).<\/p>","protected":false},"featured_media":8320,"template":"","meta":[],"product_brand":[],"product_cat":[149,148,162],"product_tag":[171,205,203,198,169,199,172,170],"class_list":{"0":"post-8319","1":"product","2":"type-product","3":"status-publish","4":"has-post-thumbnail","6":"product_cat-cork-handbags","7":"product_cat-cork-bags","8":"product_cat-cork-crossbody-bags","9":"product_tag-cork-bags","10":"product_tag-cork-carrying-bag","11":"product_tag-cork-cosmetic-bag","12":"product_tag-cork-crossbody-bag","13":"product_tag-cork-handbag","14":"product_tag-cork-handbags","15":"product_tag-cork-shoulder-bag","16":"product_tag-cork-tote-bag","18":"first","19":"instock","20":"shipping-taxable","21":"product-type-simple"},"_links":{"self":[{"href":"https:\/\/hzcork.com\/de\/wp-json\/wp\/v2\/product\/8319","targetHints":{"allow":["GET"]}}],"collection":[{"href":"https:\/\/hzcork.com\/de\/wp-json\/wp\/v2\/product"}],"about":[{"href":"https:\/\/hzcork.com\/de\/wp-json\/wp\/v2\/types\/product"}],"version-history":[{"count":0,"href":"https:\/\/hzcork.com\/de\/wp-json\/wp\/v2\/product\/8319\/revisions"}],"wp:featuredmedia":[{"embeddable":true,"href":"https:\/\/hzcork.com\/de\/wp-json\/wp\/v2\/media\/8320"}],"wp:attachment":[{"href":"https:\/\/hzcork.com\/de\/wp-json\/wp\/v2\/media?parent=8319"}],"wp:term":[{"taxonomy":"product_brand","embeddable":true,"href":"https:\/\/hzcork.com\/de\/wp-json\/wp\/v2\/product_brand?post=8319"},{"taxonomy":"product_cat","embeddable":true,"href":"https:\/\/hzcork.com\/de\/wp-json\/wp\/v2\/product_cat?post=8319"},{"taxonomy":"product_tag","embeddable":true,"href":"https:\/\/hzcork.com\/de\/wp-json\/wp\/v2\/product_tag?post=8319"}],"curies":[{"name":"wp","href":"https:\/\/api.w.org\/{rel}","templated":true}]}}