{"id":7487,"date":"2021-09-16T06:24:58","date_gmt":"2021-09-16T06:24:58","guid":{"rendered":"http:\/\/hzcork.com\/?post_type=product&#038;p=7487"},"modified":"2021-09-28T09:03:39","modified_gmt":"2021-09-28T09:03:39","slug":"wine-red-cork-cardholder","status":"publish","type":"product","link":"https:\/\/hzcork.com\/de\/wine-red-cork-cardholder\/","title":{"rendered":"Weinroter Korken CardHolder"},"content":{"rendered":"<p>Q1, Sind Korken haltbar?<\/p>\n<p>Die wabenf\u00f6rmige Zellstruktur von Kork macht ihn zu einem hervorragenden Isolator: thermisch und akustisch. Er rei\u00dft und br\u00f6ckelt nicht. Die Qualit\u00e4t und Geschmeidigkeit von Korkstoffprodukten ist mit der von Lederwaren vergleichbar.<\/p>\n<p>F2, Wie lange halten Korkhandtaschen?<\/p>\n<p>Wie Sie wissen, ist der wichtigste Teil der Kork Taschen einschlie\u00dflich Kork Stoff, Futter und Hardware. Kork Stoff ist langlebig, die Hardware, die wir verwenden, ist sehr robust, so dass sie dauern Sie <b>ein Leben lang<\/b>auch wenn Sie sie t\u00e4glich tragen. Wir verwenden auch weiche Polsterung im Inneren, um die perfekte Form zu halten.<\/p>\n<p>F3, Wie pflegt man Korkbeutel und Korkgeldb\u00f6rsen?<\/p>\n<p>Die Korkbeutel lassen sich leicht sauber halten, indem man <b>ein kleines Handtuch in warmes Wasser tauchen<\/b> (gemischt mit etwas milder Seife) und reiben Sie die Flecken oder schwarzen Flecken von der Korkoberfl\u00e4che ab.<\/p>\n<p>F4, kann ich Handtaschen aus Kork waschen, sind sie wasserdicht?<\/p>\n<p>Ja, Kork ist wasserdicht, man kann ihn ohne Bedenken nass werden lassen. Denken Sie an den Weinkorken. Aber wir raten davon ab, Korkbeutel f\u00fcr l\u00e4ngere Zeit ins Wasser zu tauchen oder in die Waschmaschine zu stecken.<\/p>\n<p>Da das Korkgewebe auf einer Textilunterlage haftet, war der Klebstoff auf Wasserbasis.<\/p>","protected":false},"excerpt":{"rendered":"<p>Der Kork-Kartenhalter f\u00fchlt sich weich an, ist handgefertigt aus veganem Leder, einem grausam-freien Korkstoff. Das Kork-Kartenetui ist ein cleveres Sammelbecken f\u00fcr Ihre Kreditkarten, Visitenkarten und Bargeld. Es ist leicht zu tragen. Wir haben eine gro\u00dfe Auswahl an Farben f\u00fcr Sie, dieses vegane Kartenetui ist ein Muss, auf das Sie sich verlassen k\u00f6nnen, wenn Sie drau\u00dfen unterwegs sind.<\/p>\n<p><strong>Merkmale: <\/strong><\/p>\n<ul>\n<li>5 Kreditkartenf\u00e4cher (2 vorne + 3 hinten)<\/li>\n<li>Zentrales Fach f\u00fcr gefaltetes Bargeld und Geldscheine<\/li>\n<li>RFID-Tresor<\/li>\n<li>Faltbarer Nylonriemen im Inneren der zentralen Tasche, einfaches Herausnehmen von Bargeld<\/li>\n<li>Abmessungen: 100 x 80 x 5 (mm)<\/li>\n<\/ul>\n<p>&nbsp;<\/p>","protected":false},"featured_media":8119,"template":"","meta":[],"product_brand":[],"product_cat":[148,161,150],"product_tag":[196,190,189,186,184,195,183,185,191,192,193,197,187,194,188],"class_list":{"0":"post-7487","1":"product","2":"type-product","3":"status-publish","4":"has-post-thumbnail","6":"product_cat-cork-bags","7":"product_cat-cork-purse","8":"product_cat-cork-wallets","9":"product_tag-buiness-card-holder","10":"product_tag-business-card-case","11":"product_tag-cork-business-card-case","12":"product_tag-cork-card-case","13":"product_tag-cork-card-holder","14":"product_tag-cork-card-wallet","15":"product_tag-cork-cardholder","16":"product_tag-cork-coin-purse","17":"product_tag-cork-name-card-case","18":"product_tag-cork-name-card-holder","19":"product_tag-cork-pocket","20":"product_tag-credit-card-holder","21":"product_tag-credit-card-wallet","22":"product_tag-vegan-card-case","23":"product_tag-vegan-leather-wallet","25":"first","26":"instock","27":"shipping-taxable","28":"product-type-simple"},"_links":{"self":[{"href":"https:\/\/hzcork.com\/de\/wp-json\/wp\/v2\/product\/7487","targetHints":{"allow":["GET"]}}],"collection":[{"href":"https:\/\/hzcork.com\/de\/wp-json\/wp\/v2\/product"}],"about":[{"href":"https:\/\/hzcork.com\/de\/wp-json\/wp\/v2\/types\/product"}],"version-history":[{"count":0,"href":"https:\/\/hzcork.com\/de\/wp-json\/wp\/v2\/product\/7487\/revisions"}],"wp:featuredmedia":[{"embeddable":true,"href":"https:\/\/hzcork.com\/de\/wp-json\/wp\/v2\/media\/8119"}],"wp:attachment":[{"href":"https:\/\/hzcork.com\/de\/wp-json\/wp\/v2\/media?parent=7487"}],"wp:term":[{"taxonomy":"product_brand","embeddable":true,"href":"https:\/\/hzcork.com\/de\/wp-json\/wp\/v2\/product_brand?post=7487"},{"taxonomy":"product_cat","embeddable":true,"href":"https:\/\/hzcork.com\/de\/wp-json\/wp\/v2\/product_cat?post=7487"},{"taxonomy":"product_tag","embeddable":true,"href":"https:\/\/hzcork.com\/de\/wp-json\/wp\/v2\/product_tag?post=7487"}],"curies":[{"name":"wp","href":"https:\/\/api.w.org\/{rel}","templated":true}]}}