{"id":15495,"date":"2022-08-16T17:03:08","date_gmt":"2022-08-16T09:03:08","guid":{"rendered":"http:\/\/hzcork.com\/?post_type=product&#038;p=15495"},"modified":"2022-08-16T17:03:09","modified_gmt":"2022-08-16T09:03:09","slug":"cork-printed-geometric-crossbody-bag","status":"publish","type":"product","link":"https:\/\/hzcork.com\/de\/cork-printed-geometric-crossbody-bag\/","title":{"rendered":"Geometrische Crossbody-Tasche mit Korkdruck"},"content":{"rendered":"<p>F1, Sind Handtaschen aus Kork haltbar?<\/p>\n<p>Die wabenf\u00f6rmige Zellstruktur von Kork macht ihn zu einem hervorragenden Isolator: thermisch und akustisch. Der hohe Reibungskoeffizient von Kork bedeutet auch, dass <b>es ist langlebig in Situationen, in denen regelm\u00e4\u00dfig Reibung und Abrieb auftreten<\/b>. Deshalb ist Kork sogar f\u00fcr die NASA ein beliebtes Material.<\/p>\n<p>F2, Wie lange halten Korkhandtaschen?<\/p>\n<p>Wie Sie wissen, besteht der wichtigste Teil der Korkbeutel aus Korkstoff, Futter und Beschl\u00e4gen. Korkstoff ist langlebig, die Hardware, die wir verwenden, ist sehr robust, so dass sie dauern Sie <b>ein Leben lang<\/b>auch wenn Sie sie t\u00e4glich tragen. Wir verwenden auch weiche Polsterung im Inneren, um die perfekte Form zu halten.<\/p>\n<p>F3, Wie pflegt man Korkhandtaschen?<\/p>\n<p>Die Korkbeutel lassen sich leicht sauber halten, indem man <b>ein kleines Handtuch in warmes Wasser tauchen<\/b> (gemischt mit etwas milder Seife) und reiben Sie die Flecken oder schwarzen Flecken von der Korkoberfl\u00e4che ab.<\/p>\n<p>F4, kann ich Handtaschen aus Kork waschen, sind sie wasserdicht?<\/p>\n<p>Ja, Kork ist wasserdicht, man kann ihn ohne Bedenken nass werden lassen. Denken Sie an den Weinkorken. Aber wir raten davon ab, Korkbeutel f\u00fcr l\u00e4ngere Zeit ins Wasser zu tauchen oder in die Waschmaschine zu stecken.<\/p>\n<p>Da das Korkgewebe auf einer Textilunterlage haftet, war der Klebstoff auf Wasserbasis.<\/p>","protected":false},"excerpt":{"rendered":"<p>Diese Tasche wird in Portugal aus nat\u00fcrlich hypoallergenem, antibakteriellem, wasserdichtem, leichtem, haltbarem und biologisch abbaubarem Kork handgefertigt und ist frei von Tierqu\u00e4lerei und vegan. Sie hat ein gro\u00dfes Fach mit Rei\u00dfverschlusstasche, eine Innentasche mit Rei\u00dfverschluss, eine offene Innentasche und einen verstellbaren Schultergurt.<\/p>\n<p>- 100% tierversuchsfrei, PETA-gepr\u00fcft vegan<\/p>\n<p>- Nat\u00fcrlicher, FSC-zertifizierter Kork<\/p>\n<p>- In China hergestelltes Produkt mit portugiesischem Kork<\/p>\n<p>- Umweltfreundlich, langlebig, recycelbar und weich im Griff<\/p>\n<p><strong>Verschiedene Muster und Farben f\u00fcr eine gro\u00dfe Auswahl. OEM mit individuellem Design ist willkommen.<\/strong><\/p>\n<p><strong>Kleine MOQ, schnelle Lieferung und komplizierte Konstruktion sind m\u00f6glich. Ohne Farbe verblassen Problem.<\/strong><\/p>\n<p>Merkmale:<\/p>\n<p>Material: 100% Naturkork<br \/>\nFarbe: natur, geometrisches Muster, Patchwork<br \/>\nInnen befindet sich ein Rei\u00dfverschluss mit verstellbarem langen Schulterriemen<br \/>\nTasche mit Textilfutter<br \/>\nPflege: \u00f6rtliche Reinigung nur mit warmem Wasser und milder Seife<\/p>","protected":false},"featured_media":15496,"template":"","meta":[],"product_brand":[],"product_cat":[162],"product_tag":[198],"class_list":{"0":"post-15495","1":"product","2":"type-product","3":"status-publish","4":"has-post-thumbnail","6":"product_cat-cork-crossbody-bags","7":"product_tag-cork-crossbody-bag","9":"first","10":"instock","11":"shipping-taxable","12":"product-type-simple"},"_links":{"self":[{"href":"https:\/\/hzcork.com\/de\/wp-json\/wp\/v2\/product\/15495","targetHints":{"allow":["GET"]}}],"collection":[{"href":"https:\/\/hzcork.com\/de\/wp-json\/wp\/v2\/product"}],"about":[{"href":"https:\/\/hzcork.com\/de\/wp-json\/wp\/v2\/types\/product"}],"version-history":[{"count":0,"href":"https:\/\/hzcork.com\/de\/wp-json\/wp\/v2\/product\/15495\/revisions"}],"wp:featuredmedia":[{"embeddable":true,"href":"https:\/\/hzcork.com\/de\/wp-json\/wp\/v2\/media\/15496"}],"wp:attachment":[{"href":"https:\/\/hzcork.com\/de\/wp-json\/wp\/v2\/media?parent=15495"}],"wp:term":[{"taxonomy":"product_brand","embeddable":true,"href":"https:\/\/hzcork.com\/de\/wp-json\/wp\/v2\/product_brand?post=15495"},{"taxonomy":"product_cat","embeddable":true,"href":"https:\/\/hzcork.com\/de\/wp-json\/wp\/v2\/product_cat?post=15495"},{"taxonomy":"product_tag","embeddable":true,"href":"https:\/\/hzcork.com\/de\/wp-json\/wp\/v2\/product_tag?post=15495"}],"curies":[{"name":"wp","href":"https:\/\/api.w.org\/{rel}","templated":true}]}}