{"id":12002,"date":"2022-01-14T14:10:42","date_gmt":"2022-01-14T06:10:42","guid":{"rendered":"http:\/\/hzcork.com\/?post_type=product&#038;p=12002"},"modified":"2022-01-14T14:56:22","modified_gmt":"2022-01-14T06:56:22","slug":"bohemian-cork-drawstring-backpack","status":"publish","type":"product","link":"https:\/\/hzcork.com\/de\/bohemian-cork-drawstring-backpack\/","title":{"rendered":"Bohemian Kork Kordelzug Rucksack"},"content":{"rendered":"<p>Korkstoff ist ein haltbares, attraktives Material, das aus echter Korkrinde hergestellt wird. Korkstoff h\u00e4lt sich sehr gut \u00fcber die Zeit<br \/>\nLeichte Rucks\u00e4cke f\u00fcr jedes Alter<br \/>\nWasserdicht: Die nat\u00fcrlichen Eigenschaften von Kork sto\u00dfen Feuchtigkeit ab<br \/>\nKork schimmelt nicht in feuchten Klimazonen<br \/>\nAu\u00dferdem k\u00f6nnen Sie die Korkoberfl\u00e4che mit Haut\u00f6l einschmieren, um sie langfristig weich und geschmeidig zu halten.<\/p>","protected":false},"excerpt":{"rendered":"<div>Marke: HZCORK<\/div>\n<div>Farbe: Nat\u00fcrlich<\/div>\n<div>Material: 100% Veganes Korkleder<\/div>\n<div>Produktmerkmale:<\/div>\n<div>Der Cork Drawstring Backpack ist eine ausgezeichnete umweltfreundliche Tasche, die leicht, elegant und praktisch ist. Er hat einen Kordelzugverschluss an der Oberseite der Tasche.<br \/>\nDiese Taschen k\u00f6nnen als Verpackung oder als Geschenkt\u00fcten verwendet werden und sind wiederverwendbar.<br \/>\nDiese Taschen sind preisg\u00fcnstig und von hoher Qualit\u00e4t.<br \/>\nDiese Rucks\u00e4cke mit Kordelzug sind sehr n\u00fctzlich f\u00fcr diejenigen, die zus\u00e4tzlichen Stauraum ben\u00f6tigen.<br \/>\nWir empfehlen, die Taschen nur von Hand zu waschen und nicht zu b\u00fcgeln.<\/div>\n<p>Gr\u00f6\u00dfe (ungef\u00e4hr): L = 40cm, H = 44cm<\/p>\n<p>Zus\u00e4tzlich: Verstellbare Schultergurte<\/p>","protected":false},"featured_media":12003,"template":"","meta":[],"product_brand":[],"product_cat":[163],"product_tag":[],"class_list":{"0":"post-12002","1":"product","2":"type-product","3":"status-publish","4":"has-post-thumbnail","6":"product_cat-cork-backpack","8":"first","9":"instock","10":"shipping-taxable","11":"product-type-simple"},"_links":{"self":[{"href":"https:\/\/hzcork.com\/de\/wp-json\/wp\/v2\/product\/12002","targetHints":{"allow":["GET"]}}],"collection":[{"href":"https:\/\/hzcork.com\/de\/wp-json\/wp\/v2\/product"}],"about":[{"href":"https:\/\/hzcork.com\/de\/wp-json\/wp\/v2\/types\/product"}],"version-history":[{"count":0,"href":"https:\/\/hzcork.com\/de\/wp-json\/wp\/v2\/product\/12002\/revisions"}],"wp:featuredmedia":[{"embeddable":true,"href":"https:\/\/hzcork.com\/de\/wp-json\/wp\/v2\/media\/12003"}],"wp:attachment":[{"href":"https:\/\/hzcork.com\/de\/wp-json\/wp\/v2\/media?parent=12002"}],"wp:term":[{"taxonomy":"product_brand","embeddable":true,"href":"https:\/\/hzcork.com\/de\/wp-json\/wp\/v2\/product_brand?post=12002"},{"taxonomy":"product_cat","embeddable":true,"href":"https:\/\/hzcork.com\/de\/wp-json\/wp\/v2\/product_cat?post=12002"},{"taxonomy":"product_tag","embeddable":true,"href":"https:\/\/hzcork.com\/de\/wp-json\/wp\/v2\/product_tag?post=12002"}],"curies":[{"name":"wp","href":"https:\/\/api.w.org\/{rel}","templated":true}]}}