{"id":11983,"date":"2021-11-26T19:30:21","date_gmt":"2021-11-26T11:30:21","guid":{"rendered":"http:\/\/hzcork.com\/?post_type=product&#038;p=11983"},"modified":"2021-12-11T14:09:53","modified_gmt":"2021-12-11T06:09:53","slug":"white-cork-leather-women-handbag","status":"publish","type":"product","link":"https:\/\/hzcork.com\/de\/white-cork-leather-women-handbag\/","title":{"rendered":"Wei\u00dfe Kork Leder Frauen Handtasche"},"content":{"rendered":"<p><span style=\"color: #7a90b2;\">* MATERIAL: 100% veganes Leder (Korkleder) mit nat\u00fcrlichen Strukturen. Es wurden keine Tiere gesch\u00e4digt.<br \/>\n* DESIGN: Blume Form Verschluss Dekoration + Umschlag Cover + Ein Ton einfache Farbe (wei\u00df Kork Textur). <\/span><\/p>\n<div><span style=\"color: #7a90b2;\"><span style=\"color: #7a90b2;\">Flacher Boden mit Nieten. Strukturiertes Design macht es von selbst leicht stehen. Sie kann als Frauenhandtasche verwendet werden,<br \/>\nUmh\u00e4ngetasche, Handtasche mit Henkel, Arbeitstasche, Modetasche, etc.<br \/>\n* ABMESSUNG: Tasche - 26*18*10CM (rechteckige Form) Gewicht: 2,5 LB. Griffe Drop: 5\u2033 Schultergurt befestigt ist (abnehmbar)+ Chain Strap (nicht abnehmbar). Kann Ipad, Brieftasche, kleines Tablet, Kosmetiktasche, etc. passen. Gro\u00dfe Handtasche Set und Geschenk Wahl f\u00fcr Frauen, Damen.<\/span><\/span>* TASCHEN: 1 Hauptfach \/ 1 Innentasche mit Rei\u00dfverschluss an der R\u00fcckwand \/ 2 Innentaschen mit offener Oberseite f\u00fcr Gegenst\u00e4nde. Ger\u00e4umig genug, um Ihre t\u00e4glichen Utensilien zu verstauen und Ihre Sachen zu organisieren * AFTER-SALE SERVICE: Wir bieten einen ausgezeichneten Kundenservice. Wenn Sie irgendwelche Probleme haben, z\u00f6gern Sie bitte nicht, uns per E-Mail zu kontaktieren. Wir werden eine Ersatztasche\/ein passendes Teil so schnell wie m\u00f6glich senden. Probleme werden bis zum Ende gel\u00f6st werden.<\/div>\n<div><span style=\"color: #ea9924;\"><b>Wir hoffen, dass unser freundliches Unternehmen Ihnen entgegenkommen kann und Ihnen eine neue Erfahrung bringt.<\/b><\/span><\/div>","protected":false},"excerpt":{"rendered":"<p><span data-spm-anchor-id=\"a2700.pc-decorate.0.i1.65743333BPP4Zg\">Name: Wei\u00df Kork Kette Tasche<\/span><\/p>\n<div>Marke: HZCORK<\/div>\n<div>Farbe: Wei\u00df<\/div>\n<div>Material: Kork<\/div>\n<div>Produktmerkmale: Korkbeutel aus Eichenrinde, der die Vorteile von veganem Leder (100% tierfrei) hat, wasserdicht und schmutzabweisend ist.<\/div>\n<div>Touch pro glatte Textur, nicht brennbar, verschlei\u00dffest und leicht zu reinigen, mit feiner nat\u00fcrlicher Maserung, elegante Farbeigenschaften.<\/div>","protected":false},"featured_media":11984,"template":"","meta":[],"product_brand":[],"product_cat":[162,149],"product_tag":[169,199,285],"class_list":{"0":"post-11983","1":"product","2":"type-product","3":"status-publish","4":"has-post-thumbnail","6":"product_cat-cork-crossbody-bags","7":"product_cat-cork-handbags","8":"product_tag-cork-handbag","9":"product_tag-cork-handbags","10":"product_tag-white-cork-bag","12":"first","13":"instock","14":"shipping-taxable","15":"product-type-simple"},"_links":{"self":[{"href":"https:\/\/hzcork.com\/de\/wp-json\/wp\/v2\/product\/11983","targetHints":{"allow":["GET"]}}],"collection":[{"href":"https:\/\/hzcork.com\/de\/wp-json\/wp\/v2\/product"}],"about":[{"href":"https:\/\/hzcork.com\/de\/wp-json\/wp\/v2\/types\/product"}],"version-history":[{"count":0,"href":"https:\/\/hzcork.com\/de\/wp-json\/wp\/v2\/product\/11983\/revisions"}],"wp:featuredmedia":[{"embeddable":true,"href":"https:\/\/hzcork.com\/de\/wp-json\/wp\/v2\/media\/11984"}],"wp:attachment":[{"href":"https:\/\/hzcork.com\/de\/wp-json\/wp\/v2\/media?parent=11983"}],"wp:term":[{"taxonomy":"product_brand","embeddable":true,"href":"https:\/\/hzcork.com\/de\/wp-json\/wp\/v2\/product_brand?post=11983"},{"taxonomy":"product_cat","embeddable":true,"href":"https:\/\/hzcork.com\/de\/wp-json\/wp\/v2\/product_cat?post=11983"},{"taxonomy":"product_tag","embeddable":true,"href":"https:\/\/hzcork.com\/de\/wp-json\/wp\/v2\/product_tag?post=11983"}],"curies":[{"name":"wp","href":"https:\/\/api.w.org\/{rel}","templated":true}]}}