{"id":11349,"date":"2021-11-16T17:04:40","date_gmt":"2021-11-16T09:04:40","guid":{"rendered":"http:\/\/hzcork.com\/?post_type=product&#038;p=11349"},"modified":"2021-11-16T17:23:20","modified_gmt":"2021-11-16T09:23:20","slug":"cork-baby-backpack","status":"publish","type":"product","link":"https:\/\/hzcork.com\/de\/cork-baby-backpack\/","title":{"rendered":"Kork-Baby-Rucksack-Portable faltbare Mama-Tasche"},"content":{"rendered":"<h2 class=\"blockHeader___JO_re\">Beschreibung<\/h2>\n<ul>\n<li>Gr\u00f6\u00dfe der Babytasche: 40*30*20CM, ausklappbare Breite 70cm, Fassungsverm\u00f6gen 20-35L.<\/li>\n<li>Naturkorkgewebe, atmungsaktiv, wasserdicht, langlebig und verschlei\u00dffest.<\/li>\n<li>Innere Struktur: Rei\u00dfverschlusstasche, Handytasche, Tasche f\u00fcr tragbares Ladeger\u00e4t.<\/li>\n<li>2 Seitentaschen, leichtes Entnehmen von Taschent\u00fcchern.<\/li>\n<li>2 innere isothermische Tasche f\u00fcr die F\u00fctterung Babyflasche, kann die Pflege Flasche warm zu halten.<\/li>\n<li>Leicht zu \u00f6ffnendes und zusammenklappbares Babybett.<\/li>\n<\/ul>\n<p>&nbsp;<\/p>\n<p>&nbsp;<\/p>","protected":false},"excerpt":{"rendered":"<p>Machen Sie sich Sorgen, wenn Sie mit Kindern oder Babys reisen?<\/p>\n<p>Ja, ich glaube, jede Mutter muss denken, dass es eine schreckliche Sache ist, mit dem Baby zu reisen. Aber nicht mehr, wenn Sie diesen Baby-Rucksack haben.<\/p>\n<p>Unser Baby-Rucksack ist tragbar und faltbar, \u00f6ffnen und falten ist so einfach, k\u00f6nnen Sie das Baby schlafen \u00fcberall und jederzeit.<\/p>\n<p>Sie k\u00f6nnen die Flasche warm halten und das Baby jederzeit f\u00fcttern, wenn es weinen m\u00f6chte.<\/p>\n<p>Wenn Sie ein Taschentuch brauchen, k\u00f6nnen Sie es ganz einfach aus der Seitentasche ziehen.<\/p>\n<p>Das Wichtigste ist, dass wir Korkgewebe als Oberstoff verwenden. Es ist nat\u00fcrlich und nachhaltig, langlebig und wasserfest.<\/p>\n<p>Es zeigt, dass Sie die Umwelt lieben und ein nachhaltiges Leben f\u00fchren, nicht nur f\u00fcr uns selbst, sondern auch f\u00fcr unsere Kinder, die n\u00e4chste Generation.<\/p>\n<p>\u3010Perfekte Geschenkideen f\u00fcr neue Eltern\u3011Ideal f\u00fcr den Einsatz als Baby-Wickeltasche, Rucksack der Mutter, Krankenschwester Tasche, Neugeborenen Liege, Outdoor-Wiege. Unisex Farbe wird Papa und Mama zu verwenden.<\/p>","protected":false},"featured_media":11356,"template":"","meta":[],"product_brand":[],"product_cat":[163],"product_tag":[272,273,254,250,276,275,274,279,278,277],"class_list":{"0":"post-11349","1":"product","2":"type-product","3":"status-publish","4":"has-post-thumbnail","6":"product_cat-cork-backpack","7":"product_tag-baby-bag","8":"product_tag-baby-diaper-bag","9":"product_tag-classic-cork-backpack","10":"product_tag-cork-backpack","11":"product_tag-foldable-baby-backpack","12":"product_tag-foldable-cork-backpack","13":"product_tag-mommy-bag","14":"product_tag-mothers-backpack","15":"product_tag-nurse-bag","16":"product_tag-portable-cork-backpack","18":"first","19":"instock","20":"shipping-taxable","21":"product-type-simple"},"_links":{"self":[{"href":"https:\/\/hzcork.com\/de\/wp-json\/wp\/v2\/product\/11349","targetHints":{"allow":["GET"]}}],"collection":[{"href":"https:\/\/hzcork.com\/de\/wp-json\/wp\/v2\/product"}],"about":[{"href":"https:\/\/hzcork.com\/de\/wp-json\/wp\/v2\/types\/product"}],"version-history":[{"count":0,"href":"https:\/\/hzcork.com\/de\/wp-json\/wp\/v2\/product\/11349\/revisions"}],"wp:featuredmedia":[{"embeddable":true,"href":"https:\/\/hzcork.com\/de\/wp-json\/wp\/v2\/media\/11356"}],"wp:attachment":[{"href":"https:\/\/hzcork.com\/de\/wp-json\/wp\/v2\/media?parent=11349"}],"wp:term":[{"taxonomy":"product_brand","embeddable":true,"href":"https:\/\/hzcork.com\/de\/wp-json\/wp\/v2\/product_brand?post=11349"},{"taxonomy":"product_cat","embeddable":true,"href":"https:\/\/hzcork.com\/de\/wp-json\/wp\/v2\/product_cat?post=11349"},{"taxonomy":"product_tag","embeddable":true,"href":"https:\/\/hzcork.com\/de\/wp-json\/wp\/v2\/product_tag?post=11349"}],"curies":[{"name":"wp","href":"https:\/\/api.w.org\/{rel}","templated":true}]}}