{"id":10455,"date":"2022-01-14T14:55:00","date_gmt":"2022-01-14T06:55:00","guid":{"rendered":"http:\/\/hzcork.com\/?post_type=product&#038;p=10455"},"modified":"2022-01-14T14:55:01","modified_gmt":"2022-01-14T06:55:01","slug":"cork-printed-crossbody-bag-gingko-pattern","status":"publish","type":"product","link":"https:\/\/hzcork.com\/de\/cork-printed-crossbody-bag-gingko-pattern\/","title":{"rendered":"Kork bedruckte Umh\u00e4ngetasche mit Gingko-Muster"},"content":{"rendered":"<p>Crossbody-Taschen aus Kork sind modische Gegenst\u00e4nde, die man gut gebrauchen kann, weil sie am K\u00f6rper getragen werden k\u00f6nnen und die H\u00e4nde frei lassen.<\/p>\n<p>Der Korkstoff ist haltbar, wasserfest und schmutzabweisend. Die Taschen k\u00f6nnen mit einem feuchten, weichen Tuch und milder Seife gereinigt werden.<\/p>\n<p>Verwenden Sie Wasser, um die Seife zu entfernen, damit sie so gut wie neu bleibt.<\/p>\n<p>Das Muster ist im Digitaldruckverfahren hergestellt.<\/p>","protected":false},"excerpt":{"rendered":"<div>Marke: HZCORK<\/div>\n<div>Farbe: Nat\u00fcrlich<\/div>\n<div>Material: 100% Veganes Korkleder,<\/div>\n<div>Produktmerkmale:<\/div>\n<p>Stilvolle und ethisch korrekte bedruckte Umh\u00e4ngetasche aus nachhaltigem, hochwertigem Kork.<\/p>\n<p>Dank des weichen Materials, das sich leicht biegen l\u00e4sst, hat die Tasche ein sehr gro\u00dfes Fassungsverm\u00f6gen.<\/p>\n<p>Aus hochwertigem Korkstoff und weichem Futter mit verst\u00e4rkten N\u00e4hten und praktischem Au\u00dfenschalter oben.<\/p>\n<p>Ginkgo-Baum Bl\u00e4tter Muster, um das Aussehen der Tasche zu markieren. Es kann in einer Vielzahl von Gelegenheiten fotografiert werden.<\/p>","protected":false},"featured_media":10459,"template":"","meta":[],"product_brand":[],"product_cat":[162],"product_tag":[],"class_list":{"0":"post-10455","1":"product","2":"type-product","3":"status-publish","4":"has-post-thumbnail","6":"product_cat-cork-crossbody-bags","8":"first","9":"instock","10":"shipping-taxable","11":"product-type-simple"},"_links":{"self":[{"href":"https:\/\/hzcork.com\/de\/wp-json\/wp\/v2\/product\/10455","targetHints":{"allow":["GET"]}}],"collection":[{"href":"https:\/\/hzcork.com\/de\/wp-json\/wp\/v2\/product"}],"about":[{"href":"https:\/\/hzcork.com\/de\/wp-json\/wp\/v2\/types\/product"}],"version-history":[{"count":0,"href":"https:\/\/hzcork.com\/de\/wp-json\/wp\/v2\/product\/10455\/revisions"}],"wp:featuredmedia":[{"embeddable":true,"href":"https:\/\/hzcork.com\/de\/wp-json\/wp\/v2\/media\/10459"}],"wp:attachment":[{"href":"https:\/\/hzcork.com\/de\/wp-json\/wp\/v2\/media?parent=10455"}],"wp:term":[{"taxonomy":"product_brand","embeddable":true,"href":"https:\/\/hzcork.com\/de\/wp-json\/wp\/v2\/product_brand?post=10455"},{"taxonomy":"product_cat","embeddable":true,"href":"https:\/\/hzcork.com\/de\/wp-json\/wp\/v2\/product_cat?post=10455"},{"taxonomy":"product_tag","embeddable":true,"href":"https:\/\/hzcork.com\/de\/wp-json\/wp\/v2\/product_tag?post=10455"}],"curies":[{"name":"wp","href":"https:\/\/api.w.org\/{rel}","templated":true}]}}