{"id":10446,"date":"2021-11-03T18:21:56","date_gmt":"2021-11-03T10:21:56","guid":{"rendered":"http:\/\/hzcork.com\/?post_type=product&#038;p=10446"},"modified":"2021-11-25T18:33:09","modified_gmt":"2021-11-25T10:33:09","slug":"metal-zip-closure-cork-coin-purse","status":"publish","type":"product","link":"https:\/\/hzcork.com\/de\/metal-zip-closure-cork-coin-purse\/","title":{"rendered":"Metall-Rei\u00dfverschluss Kork-M\u00fcnzgeldb\u00f6rse"},"content":{"rendered":"<p>Merkmal:<\/p>\n<ul>\n<li>Hand Clutch Kork M\u00fcnzgeldb\u00f6rse.<\/li>\n<li>Metallrei\u00dfverschluss, leicht zu \u00f6ffnen und zu schlie\u00dfen, kein Rost.<\/li>\n<li>Futter aus Baumwollstoff.<\/li>\n<li>Verschiedene Druckmuster sind verf\u00fcgbar. Kundenspezifischer Druck ist willkommen.<\/li>\n<\/ul>\n<p class=\"wt-text-body-01 wt-break-word\" data-product-details-description-text-content=\"\">Gr\u00f6\u00dfe + Passform<br \/>\n- H\u00f6he: 4 \"<br \/>\n- L\u00e4nge: 4 \"<br \/>\n- Breite: 1 \"<\/p>","protected":false},"excerpt":{"rendered":"<div class=\"wt-m-xs-2\">\n<div id=\"machine-translation-notice\" class=\"machine-translation-notice translated\">\n<div class=\"translated-block\">\n<div class=\"translate-button\">Kork-M\u00fcnzgeldb\u00f6rse mit Metall-Rei\u00dfverschluss, leicht in der Hand zu halten, praktisch, um Ihr Kleingeld und M\u00fcnzen organisiert zu halten.<\/div>\n<div class=\"translate-button\">H\u00f6hepunkt:<\/div>\n<ul>\n<li class=\"translate-button\">100% Naturkork, langlebig und leicht.<\/li>\n<li>Kratzfester Kork, lange Lebensdauer.<\/li>\n<li>Das OEM-Druckmuster ist verf\u00fcgbar, stabiler Metallrei\u00dfverschluss.<\/li>\n<li>die sowohl eine praktische Funktion als auch einen umweltbewussten Umgang mit der Umwelt vereinen.<\/li>\n<\/ul>\n<\/div>\n<\/div>\n<\/div>\n<div data-id=\"description-text\">\n<div id=\"wt-content-toggle-product-details-read-more\" class=\"wt-content-toggle__body wt-content-toggle__body--truncated-03 wt-content-toggle__body--truncated\" aria-hidden=\"false\">\n<p class=\"wt-text-body-01 wt-break-word\" data-product-details-description-text-content=\"\">Veganer Lederkorken, 100% tierfrei.<br \/>\nHandgefertigt in China mit stabiler Hardware.<\/p>\n<p>Inhalt<br \/>\n- Obermaterial: Baumwollgewebe<br \/>\n- Auskleidung: Kork<\/p>\n<\/div>\n<\/div>","protected":false},"featured_media":10450,"template":"","meta":[],"product_brand":[],"product_cat":[150,161],"product_tag":[266,267,185,264,265],"class_list":{"0":"post-10446","1":"product","2":"type-product","3":"status-publish","4":"has-post-thumbnail","6":"product_cat-cork-wallets","7":"product_cat-cork-purse","8":"product_tag-cork-cluth-bag","9":"product_tag-cork-cluth-purse","10":"product_tag-cork-coin-purse","11":"product_tag-cork-purse","12":"product_tag-metal-cork-purse","14":"first","15":"instock","16":"shipping-taxable","17":"product-type-simple"},"_links":{"self":[{"href":"https:\/\/hzcork.com\/de\/wp-json\/wp\/v2\/product\/10446","targetHints":{"allow":["GET"]}}],"collection":[{"href":"https:\/\/hzcork.com\/de\/wp-json\/wp\/v2\/product"}],"about":[{"href":"https:\/\/hzcork.com\/de\/wp-json\/wp\/v2\/types\/product"}],"version-history":[{"count":0,"href":"https:\/\/hzcork.com\/de\/wp-json\/wp\/v2\/product\/10446\/revisions"}],"wp:featuredmedia":[{"embeddable":true,"href":"https:\/\/hzcork.com\/de\/wp-json\/wp\/v2\/media\/10450"}],"wp:attachment":[{"href":"https:\/\/hzcork.com\/de\/wp-json\/wp\/v2\/media?parent=10446"}],"wp:term":[{"taxonomy":"product_brand","embeddable":true,"href":"https:\/\/hzcork.com\/de\/wp-json\/wp\/v2\/product_brand?post=10446"},{"taxonomy":"product_cat","embeddable":true,"href":"https:\/\/hzcork.com\/de\/wp-json\/wp\/v2\/product_cat?post=10446"},{"taxonomy":"product_tag","embeddable":true,"href":"https:\/\/hzcork.com\/de\/wp-json\/wp\/v2\/product_tag?post=10446"}],"curies":[{"name":"wp","href":"https:\/\/api.w.org\/{rel}","templated":true}]}}