{"id":10422,"date":"2021-10-29T07:45:14","date_gmt":"2021-10-29T07:45:14","guid":{"rendered":"http:\/\/hzcork.com\/?post_type=product&#038;p=10422"},"modified":"2021-11-03T18:22:02","modified_gmt":"2021-11-03T10:22:02","slug":"cork-coin-purse","status":"publish","type":"product","link":"https:\/\/hzcork.com\/de\/cork-coin-purse\/","title":{"rendered":"Naturkork-M\u00fcnzgeldb\u00f6rse"},"content":{"rendered":"<p>Merkmal:<\/p>\n<ul>\n<li>Vier Kreditkartentaschen, zwei rutschfeste Innentaschen (2 Arten von Innenanweisungen).<\/li>\n<li>ein Au\u00dfenrei\u00dfverschluss, leichtg\u00e4ngig, kein Rost.<\/li>\n<li>Futter aus PU-Leder oder Korkverbundstoff.<\/li>\n<li>Verschiedene Druckmuster sind verf\u00fcgbar. Kundenspezifischer Druck ist willkommen.<\/li>\n<\/ul>\n<p class=\"wt-text-body-01 wt-break-word\" data-product-details-description-text-content=\"\">Gr\u00f6\u00dfe + Passform<br \/>\n- H\u00f6he: 4 \"<br \/>\n- L\u00e4nge: 4 \"<br \/>\n- Breite: 1 \"<\/p>","protected":false},"excerpt":{"rendered":"<div class=\"wt-m-xs-2\">\n<div id=\"machine-translation-notice\" class=\"machine-translation-notice translated\">\n<div class=\"translated-block\">\n<div class=\"translate-button\">Geldb\u00f6rse aus Naturkork mit einem ger\u00e4umigen Innenraum, in dem Kreditkarten, Kleingeld und M\u00fcnzen aufbewahrt werden k\u00f6nnen.<\/div>\n<div class=\"translate-button\">H\u00f6hepunkt:<\/div>\n<ul>\n<li class=\"translate-button\">100% Naturkork, langlebig und leicht.<\/li>\n<li>Sieht aus wie Holz, aber es muss kein Baum gef\u00e4llt werden. Kratzfester Kork, lange Lebensdauer.<\/li>\n<li>vereinen praktische Funktion und umweltbewussten Umgang mit der Umwelt.<\/li>\n<\/ul>\n<\/div>\n<\/div>\n<\/div>\n<div data-id=\"description-text\">\n<div id=\"wt-content-toggle-product-details-read-more\" class=\"wt-content-toggle__body wt-content-toggle__body--truncated-03 wt-content-toggle__body--truncated\" aria-hidden=\"false\">\n<p class=\"wt-text-body-01 wt-break-word\" data-product-details-description-text-content=\"\">Veganer Lederkorken, 100% tierfrei.<br \/>\nHandgefertigt in China mit stabiler Hardware.<\/p>\n<p>Inhalt<br \/>\n- Schale: Kork<br \/>\n- Auskleidung: Kork<\/p>\n<\/div>\n<\/div>","protected":false},"featured_media":10425,"template":"","meta":[],"product_brand":[],"product_cat":[161,150],"product_tag":[185,264,258,259,269,268],"class_list":{"0":"post-10422","1":"product","2":"type-product","3":"status-publish","4":"has-post-thumbnail","6":"product_cat-cork-purse","7":"product_cat-cork-wallets","8":"product_tag-cork-coin-purse","9":"product_tag-cork-purse","10":"product_tag-cork-wallet","11":"product_tag-cork-wallets","12":"product_tag-cork-wallets-oem","13":"product_tag-customed-cork-purse","15":"first","16":"instock","17":"shipping-taxable","18":"product-type-simple"},"_links":{"self":[{"href":"https:\/\/hzcork.com\/de\/wp-json\/wp\/v2\/product\/10422","targetHints":{"allow":["GET"]}}],"collection":[{"href":"https:\/\/hzcork.com\/de\/wp-json\/wp\/v2\/product"}],"about":[{"href":"https:\/\/hzcork.com\/de\/wp-json\/wp\/v2\/types\/product"}],"version-history":[{"count":0,"href":"https:\/\/hzcork.com\/de\/wp-json\/wp\/v2\/product\/10422\/revisions"}],"wp:featuredmedia":[{"embeddable":true,"href":"https:\/\/hzcork.com\/de\/wp-json\/wp\/v2\/media\/10425"}],"wp:attachment":[{"href":"https:\/\/hzcork.com\/de\/wp-json\/wp\/v2\/media?parent=10422"}],"wp:term":[{"taxonomy":"product_brand","embeddable":true,"href":"https:\/\/hzcork.com\/de\/wp-json\/wp\/v2\/product_brand?post=10422"},{"taxonomy":"product_cat","embeddable":true,"href":"https:\/\/hzcork.com\/de\/wp-json\/wp\/v2\/product_cat?post=10422"},{"taxonomy":"product_tag","embeddable":true,"href":"https:\/\/hzcork.com\/de\/wp-json\/wp\/v2\/product_tag?post=10422"}],"curies":[{"name":"wp","href":"https:\/\/api.w.org\/{rel}","templated":true}]}}