{"id":10406,"date":"2021-11-03T17:36:51","date_gmt":"2021-11-03T09:36:51","guid":{"rendered":"http:\/\/hzcork.com\/?post_type=product&#038;p=10406"},"modified":"2021-11-25T17:32:57","modified_gmt":"2021-11-25T09:32:57","slug":"cork-wallets-blue-mandala-pattern","status":"publish","type":"product","link":"https:\/\/hzcork.com\/de\/cork-wallets-blue-mandala-pattern\/","title":{"rendered":"Kork-Geldb\u00f6rsen Blau Mandala-Muster"},"content":{"rendered":"<p>Merkmal:<\/p>\n<ul>\n<li>ein Innenfach mit Rei\u00dfverschluss, acht Kreditkartenf\u00e4cher, zwei rutschfeste Innenf\u00e4cher und ein praktischer Tragegriff.<\/li>\n<li>ein Au\u00dfenrei\u00dfverschluss, leichtg\u00e4ngig, kein Rost.<\/li>\n<li>Futter aus PU-Leder oder Korkverbundstoff.<\/li>\n<li>Verschiedene Druckmuster sind verf\u00fcgbar. Kundenspezifischer Druck ist willkommen.<\/li>\n<\/ul>\n<p class=\"wt-text-body-01 wt-break-word\" data-product-details-description-text-content=\"\">Gr\u00f6\u00dfe + Passform<br \/>\n- H\u00f6he: 4 \"<br \/>\n- L\u00e4nge: 7.8 \"<br \/>\n- Breite: 1 \"<\/p>","protected":false},"excerpt":{"rendered":"<div class=\"wt-m-xs-2\">\n<div id=\"machine-translation-notice\" class=\"machine-translation-notice translated\">\n<div class=\"translated-block\">\n<div class=\"translate-button\">Brieftaschen aus Naturkork mit blauem Mandala-Muster und einem ger\u00e4umigen Innenraum, in dem Sie Ihre wichtigsten Dinge aufbewahren k\u00f6nnen.<\/div>\n<div class=\"translate-button\">H\u00f6hepunkt:<\/div>\n<ul>\n<li class=\"translate-button\">100% Naturkork, langlebig und leicht.<\/li>\n<li>Kratzfester Kork, lange Lebensdauer.<\/li>\n<li>sieht aus wie Holz, aber man muss keine B\u00e4ume f\u00e4llen.<\/li>\n<li>vereinen praktische Funktion und umweltbewussten Umgang mit der Umwelt.<\/li>\n<\/ul>\n<\/div>\n<\/div>\n<\/div>\n<div data-id=\"description-text\">\n<div id=\"wt-content-toggle-product-details-read-more\" class=\"wt-content-toggle__body wt-content-toggle__body--truncated-03 wt-content-toggle__body--truncated\" aria-hidden=\"false\">\n<p class=\"wt-text-body-01 wt-break-word\" data-product-details-description-text-content=\"\">Veganer Lederkorken, 100% tierfrei.<br \/>\nHandgefertigt in China mit stabiler Hardware.<\/p>\n<p>Inhalt<br \/>\n- Schale: Kork<br \/>\n- Auskleidung: Kork<\/p>\n<\/div>\n<\/div>","protected":false},"featured_media":10412,"template":"","meta":[],"product_brand":[],"product_cat":[150,161],"product_tag":[],"class_list":{"0":"post-10406","1":"product","2":"type-product","3":"status-publish","4":"has-post-thumbnail","6":"product_cat-cork-wallets","7":"product_cat-cork-purse","9":"first","10":"instock","11":"shipping-taxable","12":"product-type-simple"},"_links":{"self":[{"href":"https:\/\/hzcork.com\/de\/wp-json\/wp\/v2\/product\/10406","targetHints":{"allow":["GET"]}}],"collection":[{"href":"https:\/\/hzcork.com\/de\/wp-json\/wp\/v2\/product"}],"about":[{"href":"https:\/\/hzcork.com\/de\/wp-json\/wp\/v2\/types\/product"}],"version-history":[{"count":0,"href":"https:\/\/hzcork.com\/de\/wp-json\/wp\/v2\/product\/10406\/revisions"}],"wp:featuredmedia":[{"embeddable":true,"href":"https:\/\/hzcork.com\/de\/wp-json\/wp\/v2\/media\/10412"}],"wp:attachment":[{"href":"https:\/\/hzcork.com\/de\/wp-json\/wp\/v2\/media?parent=10406"}],"wp:term":[{"taxonomy":"product_brand","embeddable":true,"href":"https:\/\/hzcork.com\/de\/wp-json\/wp\/v2\/product_brand?post=10406"},{"taxonomy":"product_cat","embeddable":true,"href":"https:\/\/hzcork.com\/de\/wp-json\/wp\/v2\/product_cat?post=10406"},{"taxonomy":"product_tag","embeddable":true,"href":"https:\/\/hzcork.com\/de\/wp-json\/wp\/v2\/product_tag?post=10406"}],"curies":[{"name":"wp","href":"https:\/\/api.w.org\/{rel}","templated":true}]}}