{"id":4655,"date":"2021-09-02T03:32:15","date_gmt":"2021-09-02T03:32:15","guid":{"rendered":"http:\/\/hzcork.com\/?page_id=4655"},"modified":"2025-05-27T19:16:02","modified_gmt":"2025-05-27T11:16:02","slug":"terms-of-service","status":"publish","type":"page","link":"https:\/\/hzcork.com\/de\/terms-of-service\/","title":{"rendered":"Bedingungen der Dienstleistung"},"content":{"rendered":"<div data-elementor-type=\"wp-page\" data-elementor-id=\"4655\" class=\"elementor elementor-4655\" data-elementor-settings=\"{&quot;ha_cmc_init_switcher&quot;:&quot;no&quot;}\" data-elementor-post-type=\"page\">\n\t\t\t\t\t\t<section class=\"elementor-section elementor-top-section elementor-element elementor-element-400fdfb5 elementor-section-boxed elementor-section-height-default elementor-section-height-default\" data-id=\"400fdfb5\" data-element_type=\"section\" data-settings=\"{&quot;_ha_eqh_enable&quot;:false}\">\n\t\t\t\t\t\t<div class=\"elementor-container elementor-column-gap-default\">\n\t\t\t\t\t<div class=\"elementor-column elementor-col-100 elementor-top-column elementor-element elementor-element-5add7e5c\" data-id=\"5add7e5c\" data-element_type=\"column\">\n\t\t\t<div class=\"elementor-widget-wrap elementor-element-populated\">\n\t\t\t\t\t\t<div class=\"elementor-element elementor-element-dea1970 elementor-widget elementor-widget-heading\" data-id=\"dea1970\" data-element_type=\"widget\" data-widget_type=\"heading.default\">\n\t\t\t\t<div class=\"elementor-widget-container\">\n\t\t\t\t\t<h1 class=\"elementor-heading-title elementor-size-default\">HZCORK Servicebedingungen\n<\/h1>\t\t\t\t<\/div>\n\t\t\t\t<\/div>\n\t\t\t\t<div class=\"elementor-element elementor-element-5a92ceb elementor-widget elementor-widget-text-editor\" data-id=\"5a92ceb\" data-element_type=\"widget\" data-widget_type=\"text-editor.default\">\n\t\t\t\t<div class=\"elementor-widget-container\">\n\t\t\t\t\t\t\t\t\t<h3>1. Begriffe<\/h3><p>Durch den Zugriff auf die Website unter\u00a0<a href=\"https:\/\/hzcork.com\/de\/\" target=\"_blank\" rel=\"noopener\">https:\/\/hzcork.com<\/a>erkl\u00e4ren Sie sich mit diesen Nutzungsbedingungen und allen geltenden Gesetzen und Vorschriften einverstanden und stimmen zu, dass Sie f\u00fcr die Einhaltung aller geltenden lokalen Gesetze verantwortlich sind. Wenn Sie mit einer dieser Bedingungen nicht einverstanden sind, ist es Ihnen untersagt, diese Website zu nutzen oder darauf zuzugreifen. Die auf dieser Website enthaltenen Materialien sind durch das geltende Urheber- und Markenrecht gesch\u00fctzt.<\/p><h3>2. Lizenz verwenden<\/h3><ol type=\"a\"><li>Es wird die Erlaubnis erteilt, eine Kopie der Materialien (Informationen oder Software) auf der HZCORK-Website f\u00fcr den pers\u00f6nlichen, nicht-kommerziellen Gebrauch herunterzuladen. Dies ist die Gew\u00e4hrung einer Lizenz, nicht eine \u00dcbertragung des Eigentums, und unter dieser Lizenz d\u00fcrfen Sie nicht:<br \/><ol type=\"i\"><li>die Materialien zu ver\u00e4ndern oder zu kopieren;<\/li><li>das Material f\u00fcr kommerzielle Zwecke oder f\u00fcr eine \u00f6ffentliche Darstellung (kommerziell oder nicht kommerziell) zu verwenden;<\/li><li>zu versuchen, die auf der HZCORK-Website enthaltene Software zu dekompilieren oder zur\u00fcckzuentwickeln;<\/li><li>Urheberrechts- oder andere Eigentumsvermerke aus den Materialien zu entfernen; oder<\/li><li>das Material an eine andere Person weiterzugeben oder auf einem anderen Server zu \"spiegeln\".<\/li><\/ol><\/li><li>Diese Lizenz erlischt automatisch, wenn Sie gegen eine dieser Einschr\u00e4nkungen versto\u00dfen, und kann von HZCORK jederzeit gek\u00fcndigt werden. Nach Beendigung der Betrachtung dieser Materialien oder nach Beendigung dieser Lizenz m\u00fcssen Sie alle heruntergeladenen Materialien in Ihrem Besitz, ob in elektronischer oder gedruckter Form, vernichten.<\/li><\/ol><h3>3. Haftungsausschluss<\/h3><ol type=\"a\"><li>Die Materialien auf der Website von HZCOKR werden ohne M\u00e4ngelgew\u00e4hr bereitgestellt. HZCOKR gibt keine Garantien, weder ausdr\u00fccklich noch stillschweigend, und lehnt hiermit alle anderen Garantien ab, einschlie\u00dflich, ohne Einschr\u00e4nkung, stillschweigende Garantien oder Bedingungen der Marktg\u00e4ngigkeit, der Eignung f\u00fcr einen bestimmten Zweck oder der Nicht-Verletzung von geistigem Eigentum oder anderen Rechtsverletzungen.<\/li><li>Dar\u00fcber hinaus \u00fcbernimmt HZCORK keine Gew\u00e4hr f\u00fcr die Richtigkeit, die wahrscheinlichen Ergebnisse oder die Zuverl\u00e4ssigkeit der Nutzung des Materials auf seiner Website oder in sonstiger Weise in Bezug auf diese Materialien oder auf Websites, die mit dieser Website verlinkt sind, und gibt keine Zusicherungen ab.<\/li><\/ol><h3>4. Beschr\u00e4nkungen<\/h3><p>In keinem Fall haften HZCORK oder seine Zulieferer f\u00fcr Sch\u00e4den (einschlie\u00dflich, aber nicht beschr\u00e4nkt auf Sch\u00e4den aus Datenverlust, entgangenem Gewinn oder Betriebsunterbrechung), die durch die Verwendung oder Nichtverwendbarkeit der Materialien auf der HZCORK-Website entstehen, selbst wenn HZCOKR oder ein von HZCOKR autorisierter Vertreter m\u00fcndlich oder schriftlich \u00fcber die M\u00f6glichkeit solcher Sch\u00e4den informiert wurde. Da einige Gerichtsbarkeiten keine Beschr\u00e4nkungen von stillschweigenden Garantien oder Haftungsbeschr\u00e4nkungen f\u00fcr Folgesch\u00e4den oder zuf\u00e4llige Sch\u00e4den zulassen, gelten diese Beschr\u00e4nkungen m\u00f6glicherweise nicht f\u00fcr Sie.<\/p><h3>5. Genauigkeit der Materialien<\/h3><p>Die Materialien auf der HZCORK-Website k\u00f6nnen technische, typografische oder fotografische Fehler enthalten. HZCORK \u00fcbernimmt keine Gew\u00e4hr f\u00fcr die Richtigkeit, Vollst\u00e4ndigkeit und Aktualit\u00e4t der auf seiner Website enthaltenen Informationen. HZCORK kann jederzeit und ohne Vorank\u00fcndigung \u00c4nderungen an den auf seiner Website enthaltenen Materialien vornehmen. HZCOKR \u00fcbernimmt jedoch keine Verpflichtung zur Aktualisierung der Materialien.<\/p><h3>6. Links<\/h3><p><span style=\"background-color: var( --e-global-color-6ecf397 );color: var(--color);font-size: inherit;text-align: inherit;font-family: var(--fontFamily);font-style: var(--fontStyle, inherit);font-weight: var(--fontWeight);letter-spacing: var(--letterSpacing);text-transform: var(--textTransform)\">HZCORK<\/span>\u00a0HZCORK hat nicht alle mit seiner Website verlinkten Seiten \u00fcberpr\u00fcft und ist nicht f\u00fcr den Inhalt dieser verlinkten Seiten verantwortlich. Die Aufnahme eines Links bedeutet nicht, dass HZCORK die Website billigt. Die Nutzung einer solchen verlinkten Website erfolgt auf eigenes Risiko des Nutzers.<\/p><h3>7. \u00c4nderungen<\/h3><p><span style=\"background-color: var( --e-global-color-6ecf397 );color: var(--color);font-size: inherit;text-align: inherit;font-family: var(--fontFamily);font-style: var(--fontStyle, inherit);font-weight: var(--fontWeight);letter-spacing: var(--letterSpacing);text-transform: var(--textTransform)\">HZCORK<\/span>\u00a0kann diese Nutzungsbedingungen f\u00fcr seine Website jederzeit ohne Vorank\u00fcndigung \u00fcberarbeiten. Durch die Nutzung dieser Website erkl\u00e4ren Sie sich mit der jeweils aktuellen Version dieser Nutzungsbedingungen einverstanden.<\/p><h3>8. Geltendes Recht<\/h3><p>Diese Bedingungen unterliegen den Gesetzen Chinas und werden in \u00dcbereinstimmung mit diesen ausgelegt, und Sie unterwerfen sich unwiderruflich der ausschlie\u00dflichen Gerichtsbarkeit der Gerichte dieses Staates oder Ortes.<\/p>\t\t\t\t\t\t\t\t<\/div>\n\t\t\t\t<\/div>\n\t\t\t\t\t<\/div>\n\t\t<\/div>\n\t\t\t\t\t<\/div>\n\t\t<\/section>\n\t\t\t\t<\/div>","protected":false},"excerpt":{"rendered":"<p>HZCORK Servicebedingungen 1. Bedingungen Durch den Zugriff auf die Website https:\/\/hzcork.com erkl\u00e4ren Sie sich mit diesen Nutzungsbedingungen und allen geltenden Gesetzen und Vorschriften einverstanden und stimmen zu, dass Sie f\u00fcr die Einhaltung aller geltenden lokalen Gesetze verantwortlich sind. Wenn Sie mit einer dieser Bedingungen nicht einverstanden sind, ist Ihnen die Nutzung von [...]<\/p>","protected":false},"author":1,"featured_media":0,"parent":0,"menu_order":7,"comment_status":"closed","ping_status":"closed","template":"","meta":{"footnotes":""},"class_list":["post-4655","page","type-page","status-publish","hentry"],"_links":{"self":[{"href":"https:\/\/hzcork.com\/de\/wp-json\/wp\/v2\/pages\/4655","targetHints":{"allow":["GET"]}}],"collection":[{"href":"https:\/\/hzcork.com\/de\/wp-json\/wp\/v2\/pages"}],"about":[{"href":"https:\/\/hzcork.com\/de\/wp-json\/wp\/v2\/types\/page"}],"author":[{"embeddable":true,"href":"https:\/\/hzcork.com\/de\/wp-json\/wp\/v2\/users\/1"}],"replies":[{"embeddable":true,"href":"https:\/\/hzcork.com\/de\/wp-json\/wp\/v2\/comments?post=4655"}],"version-history":[{"count":0,"href":"https:\/\/hzcork.com\/de\/wp-json\/wp\/v2\/pages\/4655\/revisions"}],"wp:attachment":[{"href":"https:\/\/hzcork.com\/de\/wp-json\/wp\/v2\/media?parent=4655"}],"curies":[{"name":"wp","href":"https:\/\/api.w.org\/{rel}","templated":true}]}}