{"id":3358,"date":"2021-08-26T02:04:01","date_gmt":"2021-08-26T02:04:01","guid":{"rendered":"http:\/\/hzcork.com\/?page_id=3358"},"modified":"2025-05-27T19:17:40","modified_gmt":"2025-05-27T11:17:40","slug":"faq","status":"publish","type":"page","link":"https:\/\/hzcork.com\/de\/faq\/","title":{"rendered":"FAQ"},"content":{"rendered":"<div data-elementor-type=\"wp-page\" data-elementor-id=\"3358\" class=\"elementor elementor-3358\" data-elementor-settings=\"{&quot;ha_cmc_init_switcher&quot;:&quot;no&quot;}\" data-elementor-post-type=\"page\">\n\t\t\t\t<div class=\"elementor-element elementor-element-8dece54 e-flex e-con-boxed e-con e-parent\" data-id=\"8dece54\" data-element_type=\"container\" data-e-type=\"container\" data-settings=\"{&quot;_ha_eqh_enable&quot;:false}\">\n\t\t\t\t\t<div class=\"e-con-inner\">\n\t\t<div class=\"elementor-element elementor-element-1d969f2 e-con-full e-flex e-con e-child\" data-id=\"1d969f2\" data-element_type=\"container\" data-e-type=\"container\" data-settings=\"{&quot;background_background&quot;:&quot;classic&quot;,&quot;_ha_eqh_enable&quot;:false}\">\n\t\t\t\t<div class=\"elementor-element elementor-element-bd20325 elementor-widget__width-auto elementor-absolute elementor-view-default elementor-widget elementor-widget-icon\" data-id=\"bd20325\" data-element_type=\"widget\" data-e-type=\"widget\" data-settings=\"{&quot;_position&quot;:&quot;absolute&quot;}\" data-widget_type=\"icon.default\">\n\t\t\t\t<div class=\"elementor-widget-container\">\n\t\t\t\t\t\t\t<div class=\"elementor-icon-wrapper\">\n\t\t\t<div class=\"elementor-icon\">\n\t\t\t\t\t\t<\/div>\n\t\t<\/div>\n\t\t\t\t\t\t<\/div>\n\t\t\t\t<\/div>\n\t\t<div class=\"elementor-element elementor-element-9411fa6 e-con-full e-flex e-con e-child\" data-id=\"9411fa6\" data-element_type=\"container\" data-e-type=\"container\" data-settings=\"{&quot;background_background&quot;:&quot;classic&quot;,&quot;_ha_eqh_enable&quot;:false}\">\n\t\t<div class=\"elementor-element elementor-element-beb9c72 e-con-full e-flex e-con e-child\" data-id=\"beb9c72\" data-element_type=\"container\" data-e-type=\"container\" data-settings=\"{&quot;_ha_eqh_enable&quot;:false}\">\n\t\t\t\t<div class=\"elementor-element elementor-element-9c17836 elementor-widget elementor-widget-heading\" data-id=\"9c17836\" data-element_type=\"widget\" data-e-type=\"widget\" data-widget_type=\"heading.default\">\n\t\t\t\t<div class=\"elementor-widget-container\">\n\t\t\t\t\t<h1 class=\"elementor-heading-title elementor-size-default\">FAQs \u00fcber Korkgewebe<\/h1>\t\t\t\t<\/div>\n\t\t\t\t<\/div>\n\t\t\t\t<div class=\"elementor-element elementor-element-bd97193 elementor-widget elementor-widget-heading\" data-id=\"bd97193\" data-element_type=\"widget\" data-e-type=\"widget\" data-widget_type=\"heading.default\">\n\t\t\t\t<div class=\"elementor-widget-container\">\n\t\t\t\t\t<h2 class=\"elementor-heading-title elementor-size-default\">Wir sind hier, um Ihnen bei allen Fragen zu helfen<\/h2>\t\t\t\t<\/div>\n\t\t\t\t<\/div>\n\t\t\t\t<\/div>\n\t\t\t\t<\/div>\n\t\t<div class=\"elementor-element elementor-element-c78f21c e-con-full e-flex e-con e-child\" data-id=\"c78f21c\" data-element_type=\"container\" data-e-type=\"container\" data-settings=\"{&quot;_ha_eqh_enable&quot;:false}\">\n\t\t<div class=\"elementor-element elementor-element-ce83f56 e-con-full e-flex e-con e-child\" data-id=\"ce83f56\" data-element_type=\"container\" data-e-type=\"container\" data-settings=\"{&quot;_ha_eqh_enable&quot;:false}\">\n\t\t\t\t<div class=\"elementor-element elementor-element-a0a3715 ha-infobox-media-dir-top elementor-widget elementor-widget-ha-infobox happy-addon ha-infobox\" data-id=\"a0a3715\" data-element_type=\"widget\" data-e-type=\"widget\" data-widget_type=\"ha-infobox.default\">\n\t\t\t\t<div class=\"elementor-widget-container\">\n\t\t\t\t\t\n\t\t\n\t\t<div class=\"ha-infobox-body\">\n\t\t\t<h3 class=\"ha-infobox-title\">Was ist Kork und warum ist er ein nachhaltiges Material?<\/h3>\n\t\t\t\t\t\t\t<div class=\"ha-infobox-text\">\n\t\t\t\t\t<p>Der Kork wird aus der Rinde der Korkeiche gewonnen. Die B\u00e4ume leben im Mittelmeerraum, insbesondere in l\u00e4ndlichen Gebieten S\u00fcdportugals, wo sie bis zu 200 Jahre alt werden k\u00f6nnen. Da der Baum w\u00e4hrend der Erntezeit nicht gef\u00e4llt werden muss, regeneriert sich die Rinde in etwa 8-9 Jahren wieder.\n\n<\/p>\n\t\t\t\t<\/div>\n\t\t\t\n\t\t\t\t\t<\/div>\n\t\t\t\t\t\t<\/div>\n\t\t\t\t<\/div>\n\t\t\t\t<div class=\"elementor-element elementor-element-4ba44c4 ha-infobox-media-dir-top elementor-widget elementor-widget-ha-infobox happy-addon ha-infobox\" data-id=\"4ba44c4\" data-element_type=\"widget\" data-e-type=\"widget\" data-widget_type=\"ha-infobox.default\">\n\t\t\t\t<div class=\"elementor-widget-container\">\n\t\t\t\t\t\n\t\t\n\t\t<div class=\"ha-infobox-body\">\n\t\t\t<h3 class=\"ha-infobox-title\">Wie wird der Korkstoff hergestellt? Welchen Kleber haben Sie verwendet?<\/h3>\n\t\t\t\t\t\t\t<div class=\"ha-infobox-text\">\n\t\t\t\t\t<p>Sehr d\u00fcnne Korkstoffplatten werden maschinell aus der Rinde der Korkeiche gesch\u00e4lt und auf eine textile Unterlage geklebt. Wir verwenden Klebstoff auf Wasserbasis (aus Latex), geruchsneutral und umweltfreundlich f\u00fcr unsere Gesundheit.\n\n<\/p>\n\t\t\t\t<\/div>\n\t\t\t\n\t\t\t\t\t<\/div>\n\t\t\t\t\t\t<\/div>\n\t\t\t\t<\/div>\n\t\t\t\t<div class=\"elementor-element elementor-element-4d10fd4 ha-infobox-media-dir-top elementor-widget elementor-widget-ha-infobox happy-addon ha-infobox\" data-id=\"4d10fd4\" data-element_type=\"widget\" data-e-type=\"widget\" data-widget_type=\"ha-infobox.default\">\n\t\t\t\t<div class=\"elementor-widget-container\">\n\t\t\t\t\t\n\t\t\n\t\t<div class=\"ha-infobox-body\">\n\t\t\t<h3 class=\"ha-infobox-title\">Welche Art von Korkstoff haben Sie verwendet?<\/h3>\n\t\t\t\t\t\t\t<div class=\"ha-infobox-text\">\n\t\t\t\t\t<p>Unser Herstellungsverfahren erm\u00f6glicht es uns, mit verschiedenen Tr\u00e4germaterialien zu arbeiten.<br>\n- TC-Tr\u00e4ger (Dicke: 0,25 mm, 0,55 und 0,8 mm) oder recycelter TC-Stoff.<br>\n- PU-Lederr\u00fccken (0,65 mm).<br>\n- Mikrofasertr\u00e4ger (0,65 mm, 1,0 mm).<br>\n Baumwoll- oder Leinenunterlage (0,3 mm).<br>\n- Leinwandunterlage (0,9 mm).<br>\n- Sojafaser+ Tencel- oder Maisfasertr\u00e4ger.<br>\n- Unterlage aus Bastelpapier (0,2 mm).<br><\/p>\n\t\t\t\t<\/div>\n\t\t\t\n\t\t\t\t\t<\/div>\n\t\t\t\t\t\t<\/div>\n\t\t\t\t<\/div>\n\t\t\t\t<div class=\"elementor-element elementor-element-740874e ha-infobox-media-dir-top elementor-widget elementor-widget-ha-infobox happy-addon ha-infobox\" data-id=\"740874e\" data-element_type=\"widget\" data-e-type=\"widget\" data-widget_type=\"ha-infobox.default\">\n\t\t\t\t<div class=\"elementor-widget-container\">\n\t\t\t\t\t\n\t\t\n\t\t<div class=\"ha-infobox-body\">\n\t\t\t<h3 class=\"ha-infobox-title\">Wozu kann Korkstoff verwendet werden?<\/h3>\n\t\t\t\t\t\t\t<div class=\"ha-infobox-text\">\n\t\t\t\t\t<p>Sie k\u00f6nnen damit handgefertigte Taschen, Geldb\u00f6rsen und Portemonnaies, DIY-Bastelprojekte, Schuhsohlen und -oberteile, Yogamatten und -bl\u00f6cke oder Polstertapeten herstellen. Korkstoff ist ein umweltfreundliches Material, das eine tolle Alternative zu Leder oder Vinyl ist.\u00a0<\/p>\n\t\t\t\t<\/div>\n\t\t\t\n\t\t\t\t\t<\/div>\n\t\t\t\t\t\t<\/div>\n\t\t\t\t<\/div>\n\t\t\t\t<\/div>\n\t\t<div class=\"elementor-element elementor-element-5fb7a6c e-con-full e-flex e-con e-child\" data-id=\"5fb7a6c\" data-element_type=\"container\" data-e-type=\"container\" data-settings=\"{&quot;_ha_eqh_enable&quot;:false}\">\n\t\t\t\t<div class=\"elementor-element elementor-element-1d41be6 ha-infobox-media-dir-top elementor-widget elementor-widget-ha-infobox happy-addon ha-infobox\" data-id=\"1d41be6\" data-element_type=\"widget\" data-e-type=\"widget\" data-widget_type=\"ha-infobox.default\">\n\t\t\t\t<div class=\"elementor-widget-container\">\n\t\t\t\t\t\n\t\t\n\t\t<div class=\"ha-infobox-body\">\n\t\t\t<h3 class=\"ha-infobox-title\">Kann ich mein eigenes Muster auf Korkstoff anfertigen lassen? Wie hoch ist die Mindestbestellmenge?<\/h3>\n\t\t\t\t\t\t\t<div class=\"ha-infobox-text\">\n\t\t\t\t\t<p>Ja, wir akzeptieren OEM Ihr eigenes Muster. Wenn es Seidendruck Design, MOQ ist 300 Yards; Wenn es Digitaldruck, MOQ ist 100 Yards. Wenn es nur gemischte Muster in nat\u00fcrlicher Farbe ist, k\u00f6nnen wir kleine Gr\u00f6\u00dfe Stoff bei 21 * 32CM, 150pcs Bl\u00e4tter tun.\n<\/p>\n\t\t\t\t<\/div>\n\t\t\t\n\t\t\t\t\t<\/div>\n\t\t\t\t\t\t<\/div>\n\t\t\t\t<\/div>\n\t\t\t\t<div class=\"elementor-element elementor-element-ebd6f35 ha-infobox-media-dir-top elementor-widget elementor-widget-ha-infobox happy-addon ha-infobox\" data-id=\"ebd6f35\" data-element_type=\"widget\" data-e-type=\"widget\" data-widget_type=\"ha-infobox.default\">\n\t\t\t\t<div class=\"elementor-widget-container\">\n\t\t\t\t\t\n\t\t\n\t\t<div class=\"ha-infobox-body\">\n\t\t\t<h3 class=\"ha-infobox-title\">Welche Gr\u00f6\u00dfe hat der Korkstoff? Kann ich meine eigene Gr\u00f6\u00dfe haben?<\/h3>\n\t\t\t\t\t\t\t<div class=\"ha-infobox-text\">\n\t\t\t\t\t<p>Wir haben zwei Gr\u00f6\u00dfen, die meisten von ihnen sind 1,35 m breit und werden auf Rollen verpackt. Das andere ist 64*95CM Blatt.<br>\n\nJa, wir k\u00f6nnen sie in der von Ihnen gew\u00fcnschten Gr\u00f6\u00dfe zuschneiden, z. B. 8 \"X12\".\n<\/p>\n\t\t\t\t<\/div>\n\t\t\t\n\t\t\t\t\t<\/div>\n\t\t\t\t\t\t<\/div>\n\t\t\t\t<\/div>\n\t\t\t\t<div class=\"elementor-element elementor-element-bf18089 ha-infobox-media-dir-top elementor-widget elementor-widget-ha-infobox happy-addon ha-infobox\" data-id=\"bf18089\" data-element_type=\"widget\" data-e-type=\"widget\" data-widget_type=\"ha-infobox.default\">\n\t\t\t\t<div class=\"elementor-widget-container\">\n\t\t\t\t\t\n\t\t\n\t\t<div class=\"ha-infobox-body\">\n\t\t\t<h3 class=\"ha-infobox-title\">Wie dick ist der Korkstoff? Wie hoch ist Ihr MOQ f\u00fcr eine Bestellung?<\/h3>\n\t\t\t\t\t\t\t<div class=\"ha-infobox-text\">\n\t\t\t\t\t<p>Im Allgemeinen liegt die h\u00f6chste Qualit\u00e4t des Korkgewebes zwischen 0,15 und 0,2 mm. Je d\u00fcnner, desto besser. Denn d\u00fcnner bedeutet weicher mit guter Politur. Es ist nicht leicht zu knacken oder brechen, wenn biegen.\n\n<br>  Wir haben in der Regel Lagerbest\u00e4nde f\u00fcr regul\u00e4re Artikel. So akzeptieren wir kleine Menge wie ein oder zwei Yards als Testauftrag.<\/p>\n\t\t\t\t<\/div>\n\t\t\t\n\t\t\t\t\t<\/div>\n\t\t\t\t\t\t<\/div>\n\t\t\t\t<\/div>\n\t\t\t\t<div class=\"elementor-element elementor-element-0e9346b ha-infobox-media-dir-top elementor-widget elementor-widget-ha-infobox happy-addon ha-infobox\" data-id=\"0e9346b\" data-element_type=\"widget\" data-e-type=\"widget\" data-widget_type=\"ha-infobox.default\">\n\t\t\t\t<div class=\"elementor-widget-container\">\n\t\t\t\t\t\n\t\t\n\t\t<div class=\"ha-infobox-body\">\n\t\t\t<h3 class=\"ha-infobox-title\">Gibt es Vorteile f\u00fcr den Gro\u00dfhandel mit Korkgewebe aus China anstelle von Portugal?<\/h3>\n\t\t\t\t\t\t\t<div class=\"ha-infobox-text\">\n\t\t\t\t\t<p>Mit einem Wort, China hat eine viel bessere Industriekette. Wir k\u00f6nnen komplizierte Artikel mit schneller Lieferung machen. Es mag mehr Gro\u00dfh\u00e4ndler in Portugal geben, aber HZ Kork kann garantieren, dass unsere Preise wettbewerbsf\u00e4higer sind und unser Service Ihre Erwartungen weit \u00fcbertrifft.<\/p>\n\t\t\t\t<\/div>\n\t\t\t\n\t\t\t\t\t<\/div>\n\t\t\t\t\t\t<\/div>\n\t\t\t\t<\/div>\n\t\t\t\t<\/div>\n\t\t<div class=\"elementor-element elementor-element-6b186fb e-con-full e-flex e-con e-child\" data-id=\"6b186fb\" data-element_type=\"container\" data-e-type=\"container\" data-settings=\"{&quot;_ha_eqh_enable&quot;:false}\">\n\t\t\t\t<div class=\"elementor-element elementor-element-9f844ff ha-infobox-media-dir-top elementor-widget elementor-widget-ha-infobox happy-addon ha-infobox\" data-id=\"9f844ff\" data-element_type=\"widget\" data-e-type=\"widget\" data-widget_type=\"ha-infobox.default\">\n\t\t\t\t<div class=\"elementor-widget-container\">\n\t\t\t\t\t\n\t\t\n\t\t<div class=\"ha-infobox-body\">\n\t\t\t<h3 class=\"ha-infobox-title\">Konzentrieren Sie sich auf die Herstellung von Korkstoffen oder Korkbeuteln?<\/h3>\n\t\t\t\t\t\t\t<div class=\"ha-infobox-text\">\n\t\t\t\t\t<p>Ja, wir konzentrieren uns sowohl auf die Herstellung von Korkstoff als auch von Korkbeuteln. Da wir Stoff Inventar haben, k\u00f6nnen wir akzeptieren, um kleine Menge Kork Taschen mit schneller Lieferung zu tun.<\/p>\n\t\t\t\t<\/div>\n\t\t\t\n\t\t\t\t\t<\/div>\n\t\t\t\t\t\t<\/div>\n\t\t\t\t<\/div>\n\t\t\t\t<div class=\"elementor-element elementor-element-be1e749 ha-infobox-media-dir-top elementor-widget elementor-widget-ha-infobox happy-addon ha-infobox\" data-id=\"be1e749\" data-element_type=\"widget\" data-e-type=\"widget\" data-widget_type=\"ha-infobox.default\">\n\t\t\t\t<div class=\"elementor-widget-container\">\n\t\t\t\t\t\n\t\t\n\t\t<div class=\"ha-infobox-body\">\n\t\t\t<h3 class=\"ha-infobox-title\">Was sind die Zahlungsm\u00f6glichkeiten? Kann ich eine R\u00fcckerstattung erhalten, wenn die Verk\u00e4ufe nicht gut sind?<\/h3>\n\t\t\t\t\t\t\t<div class=\"ha-infobox-text\">\n\t\t\t\t\t<p>Sie k\u00f6nnen Western Union, die eine niedrigere Geb\u00fchr hat, oder Alibaba Trade Assurance zahlen, wenn Sie eine etwas h\u00f6here Geb\u00fchr akzeptieren k\u00f6nnen, aber bitte beachten Sie, dass f\u00fcr neue Kunden, akzeptieren wir nur die 30% T\/T der Zahlung als Anzahlung, Restbetrag bezahlt, nachdem Waren fertig und inspiziert.<\/p>\n\t\t\t\t<\/div>\n\t\t\t\n\t\t\t\t\t<\/div>\n\t\t\t\t\t\t<\/div>\n\t\t\t\t<\/div>\n\t\t\t\t<div class=\"elementor-element elementor-element-93877f6 ha-infobox-media-dir-top elementor-widget elementor-widget-ha-infobox happy-addon ha-infobox\" data-id=\"93877f6\" data-element_type=\"widget\" data-e-type=\"widget\" data-widget_type=\"ha-infobox.default\">\n\t\t\t\t<div class=\"elementor-widget-container\">\n\t\t\t\t\t\n\t\t\n\t\t<div class=\"ha-infobox-body\">\n\t\t\t<h3 class=\"ha-infobox-title\">Wie lange dauert es normalerweise, bis ich die Ware erhalte?<\/h3>\n\t\t\t\t\t\t\t<div class=\"ha-infobox-text\">\n\t\t\t\t\t<p>H\u00e4ngt davon ab, ob Sie das Muster und die Gr\u00f6\u00dfe anpassen m\u00f6chten, und h\u00e4ngt auch von der Geschwindigkeit der Zollabfertigung und der Logistik ab, aber wir k\u00f6nnen garantieren, dass wir regul\u00e4re Lagerartikel in weniger als 2 Werktagen versenden, und wir haben Kunden in den USA und Europa, die die Ware in weniger als 2 Wochen erhalten haben.<\/p>\n\t\t\t\t<\/div>\n\t\t\t\n\t\t\t\t\t<\/div>\n\t\t\t\t\t\t<\/div>\n\t\t\t\t<\/div>\n\t\t\t\t<div class=\"elementor-element elementor-element-50678ef ha-infobox-media-dir-top elementor-widget elementor-widget-ha-infobox happy-addon ha-infobox\" data-id=\"50678ef\" data-element_type=\"widget\" data-e-type=\"widget\" data-widget_type=\"ha-infobox.default\">\n\t\t\t\t<div class=\"elementor-widget-container\">\n\t\t\t\t\t\n\t\t\n\t\t<div class=\"ha-infobox-body\">\n\t\t\t<h3 class=\"ha-infobox-title\">Wie verpacken und versenden Sie die Waren?<\/h3>\n\t\t\t\t\t\t\t<div class=\"ha-infobox-text\">\n\t\t\t\t\t<p>Wir verpacken den Korkstoff in Rollen, 50 Yards pro Rolle, Bruttogewicht 25-35kg, 150*25*25cm. Kann auf dem Luftweg oder auf dem Seeweg verschickt werden.<\/p>\n\t\t\t\t<\/div>\n\t\t\t\n\t\t\t\t\t<\/div>\n\t\t\t\t\t\t<\/div>\n\t\t\t\t<\/div>\n\t\t\t\t<\/div>\n\t\t\t\t<\/div>\n\t\t\t\t<\/div>\n\t\t\t\t\t<\/div>\n\t\t\t\t<\/div>\n\t\t\t\t<\/div>","protected":false},"excerpt":{"rendered":"<p>H\u00e4ufig gestellte Fragen \u00fcber Korkgewebe Wir sind hier, um Ihnen bei allen Fragen zu helfen Was ist Kork und warum ist es ein nachhaltiges Material? Der Kork wird aus der Rinde der Korkeiche gewonnen. Die B\u00e4ume leben im Mittelmeerraum, insbesondere in den l\u00e4ndlichen Gebieten S\u00fcdportugals, wo die B\u00e4ume [...]<\/p>","protected":false},"author":1,"featured_media":0,"parent":0,"menu_order":5,"comment_status":"closed","ping_status":"closed","template":"elementor_header_footer","meta":{"footnotes":""},"class_list":["post-3358","page","type-page","status-publish","hentry"],"_links":{"self":[{"href":"https:\/\/hzcork.com\/de\/wp-json\/wp\/v2\/pages\/3358","targetHints":{"allow":["GET"]}}],"collection":[{"href":"https:\/\/hzcork.com\/de\/wp-json\/wp\/v2\/pages"}],"about":[{"href":"https:\/\/hzcork.com\/de\/wp-json\/wp\/v2\/types\/page"}],"author":[{"embeddable":true,"href":"https:\/\/hzcork.com\/de\/wp-json\/wp\/v2\/users\/1"}],"replies":[{"embeddable":true,"href":"https:\/\/hzcork.com\/de\/wp-json\/wp\/v2\/comments?post=3358"}],"version-history":[{"count":0,"href":"https:\/\/hzcork.com\/de\/wp-json\/wp\/v2\/pages\/3358\/revisions"}],"wp:attachment":[{"href":"https:\/\/hzcork.com\/de\/wp-json\/wp\/v2\/media?parent=3358"}],"curies":[{"name":"wp","href":"https:\/\/api.w.org\/{rel}","templated":true}]}}