{"id":3,"date":"2021-05-07T09:38:43","date_gmt":"2021-05-07T09:38:43","guid":{"rendered":"https:\/\/demo.creativethemes.com\/blocksy\/yogi\/?page_id=3"},"modified":"2025-05-27T14:36:15","modified_gmt":"2025-05-27T06:36:15","slug":"privacy-notice","status":"publish","type":"page","link":"https:\/\/hzcork.com\/de\/privacy-notice\/","title":{"rendered":"Hinweis zum Datenschutz"},"content":{"rendered":"<div data-elementor-type=\"wp-page\" data-elementor-id=\"3\" class=\"elementor elementor-3\" data-elementor-settings=\"{&quot;ha_cmc_init_switcher&quot;:&quot;no&quot;}\" data-elementor-post-type=\"page\">\n\t\t\t\t\t\t<section class=\"elementor-section elementor-top-section elementor-element elementor-element-400fdfb5 elementor-section-boxed elementor-section-height-default elementor-section-height-default\" data-id=\"400fdfb5\" data-element_type=\"section\" data-settings=\"{&quot;_ha_eqh_enable&quot;:false}\">\n\t\t\t\t\t\t<div class=\"elementor-container elementor-column-gap-default\">\n\t\t\t\t\t<div class=\"elementor-column elementor-col-100 elementor-top-column elementor-element elementor-element-5add7e5c\" data-id=\"5add7e5c\" data-element_type=\"column\">\n\t\t\t<div class=\"elementor-widget-wrap elementor-element-populated\">\n\t\t\t\t\t\t<div class=\"elementor-element elementor-element-dea1970 elementor-widget elementor-widget-heading\" data-id=\"dea1970\" data-element_type=\"widget\" data-widget_type=\"heading.default\">\n\t\t\t\t<div class=\"elementor-widget-container\">\n\t\t\t\t\t<h1 class=\"elementor-heading-title elementor-size-default\">HZ CORK Datenschutzhinweis<\/h1>\t\t\t\t<\/div>\n\t\t\t\t<\/div>\n\t\t\t\t<div class=\"elementor-element elementor-element-5a92ceb elementor-widget elementor-widget-text-editor\" data-id=\"5a92ceb\" data-element_type=\"widget\" data-widget_type=\"text-editor.default\">\n\t\t\t\t<div class=\"elementor-widget-container\">\n\t\t\t\t\t\t\t\t\t<p>Ihre Privatsph\u00e4re ist uns wichtig. Es ist die Politik von HZCORK, Ihre Privatsph\u00e4re in Bezug auf alle Informationen, die wir \u00fcber unsere Website sammeln, zu respektieren,\u00a0<a href=\"https:\/\/hzcork.com\/de\/\">https:\/\/hzcork.com<\/a>und andere Websites, die wir besitzen und betreiben.<\/p><p>Wir fragen nur dann nach pers\u00f6nlichen Daten, wenn wir sie wirklich ben\u00f6tigen, um Ihnen einen Service zu bieten. Wir sammeln sie auf faire und rechtm\u00e4\u00dfige Weise, mit Ihrem Wissen und Ihrer Zustimmung. Wir informieren Sie auch dar\u00fcber, warum wir sie sammeln und wie sie verwendet werden.<\/p><p>Wir speichern die gesammelten Informationen nur so lange, wie es notwendig ist, um Ihnen den von Ihnen gew\u00fcnschten Service zu bieten. Die Daten, die wir speichern, sch\u00fctzen wir mit wirtschaftlich vertretbaren Mitteln, um Verlust und Diebstahl sowie unbefugten Zugriff, Offenlegung, Kopieren, Verwendung oder \u00c4nderung zu verhindern.<\/p><p>Wir geben keine pers\u00f6nlichen Daten an die \u00d6ffentlichkeit oder an Dritte weiter, es sei denn, wir sind gesetzlich dazu verpflichtet.<\/p><p>Unsere Website kann Links zu externen Websites enthalten, die nicht von uns betrieben werden. Bitte beachten Sie, dass wir keine Kontrolle \u00fcber den Inhalt und die Praktiken dieser Websites haben und keine Verantwortung oder Haftung f\u00fcr die jeweiligen Datenschutzrichtlinien \u00fcbernehmen k\u00f6nnen.<\/p><p>Es steht Ihnen frei, unsere Anfrage nach Ihren pers\u00f6nlichen Daten abzulehnen, mit dem Verst\u00e4ndnis, dass wir Ihnen einige der von Ihnen gew\u00fcnschten Dienstleistungen m\u00f6glicherweise nicht anbieten k\u00f6nnen.<\/p><p>Wenn Sie unsere Website weiterhin nutzen, gilt dies als Zustimmung zu unseren Praktiken in Bezug auf den Datenschutz und pers\u00f6nliche Daten. Wenn Sie Fragen dazu haben, wie wir mit Nutzerdaten und pers\u00f6nlichen Informationen umgehen, k\u00f6nnen Sie uns gerne kontaktieren.<\/p><p>Diese Politik ist ab dem 4. September 2021 g\u00fcltig.<\/p>\t\t\t\t\t\t\t\t<\/div>\n\t\t\t\t<\/div>\n\t\t\t\t\t<\/div>\n\t\t<\/div>\n\t\t\t\t\t<\/div>\n\t\t<\/section>\n\t\t\t\t<\/div>","protected":false},"excerpt":{"rendered":"<p>HZ CORK Datenschutzhinweis Ihre Privatsph\u00e4re ist uns wichtig. HZCORK respektiert Ihre Privatsph\u00e4re in Bezug auf alle Informationen, die wir \u00fcber unsere Website https:\/\/hzcork.com und andere Websites, die wir besitzen und betreiben, von Ihnen sammeln. Wir fragen Sie nur dann nach pers\u00f6nlichen Informationen, wenn wir diese wirklich ben\u00f6tigen, um Ihnen einen Service zu bieten. Wir sammeln [...]<\/p>","protected":false},"author":1,"featured_media":0,"parent":0,"menu_order":7,"comment_status":"closed","ping_status":"closed","template":"","meta":{"footnotes":""},"class_list":["post-3","page","type-page","status-publish","hentry"],"_links":{"self":[{"href":"https:\/\/hzcork.com\/de\/wp-json\/wp\/v2\/pages\/3","targetHints":{"allow":["GET"]}}],"collection":[{"href":"https:\/\/hzcork.com\/de\/wp-json\/wp\/v2\/pages"}],"about":[{"href":"https:\/\/hzcork.com\/de\/wp-json\/wp\/v2\/types\/page"}],"author":[{"embeddable":true,"href":"https:\/\/hzcork.com\/de\/wp-json\/wp\/v2\/users\/1"}],"replies":[{"embeddable":true,"href":"https:\/\/hzcork.com\/de\/wp-json\/wp\/v2\/comments?post=3"}],"version-history":[{"count":0,"href":"https:\/\/hzcork.com\/de\/wp-json\/wp\/v2\/pages\/3\/revisions"}],"wp:attachment":[{"href":"https:\/\/hzcork.com\/de\/wp-json\/wp\/v2\/media?parent=3"}],"curies":[{"name":"wp","href":"https:\/\/api.w.org\/{rel}","templated":true}]}}