{"id":7457,"date":"2021-09-16T05:47:11","date_gmt":"2021-09-16T05:47:11","guid":{"rendered":"http:\/\/hzcork.com\/?post_type=product&#038;p=7457"},"modified":"2021-10-19T09:01:48","modified_gmt":"2021-10-19T09:01:48","slug":"black-rainbow-cork-card-holder","status":"publish","type":"product","link":"https:\/\/hzcork.com\/ar\/black-rainbow-cork-card-holder\/","title":{"rendered":"\u062d\u0627\u0641\u0638\u0629 \u0628\u0637\u0627\u0642\u0627\u062a \u0642\u0648\u0633 \u0642\u0632\u062d \u0623\u0633\u0648\u062f \u0645\u0646 \u0627\u0644\u0641\u0644\u064a\u0646"},"content":{"rendered":"<p>\u06331\u060c \u0647\u0644 \u0627\u0644\u0641\u0644\u064a\u0646 \u0645\u062a\u064a\u0646\u061f<\/p>\n<p>\u0625\u0646 \u0628\u0646\u064a\u0629 \u062e\u0644\u064a\u0629 \u0642\u0631\u0635 \u0627\u0644\u0639\u0633\u0644 \u0644\u0644\u0641\u0644\u064a\u0646 \u062a\u062c\u0639\u0644\u0647 \u0639\u0627\u0632\u0644\u0627\u064b \u0645\u0645\u062a\u0627\u0632\u0627\u064b: \u062d\u0631\u0627\u0631\u064a\u0627\u064b \u0648\u0635\u0648\u062a\u064a\u0627\u064b. \u0643\u0645\u0627 \u0623\u0646\u0647 \u0644\u0627 \u064a\u062a\u0634\u0642\u0642 \u0623\u0648 \u064a\u062a\u0641\u062a\u062a\u060c \u0648\u0641\u064a \u0627\u0644\u0648\u0627\u0642\u0639\u060c \u064a\u0645\u0643\u0646 \u0645\u0642\u0627\u0631\u0646\u0629 \u062c\u0648\u062f\u0629 \u0648\u0644\u064a\u0648\u0646\u0629 \u0645\u0646\u062a\u062c\u0627\u062a \u0646\u0633\u064a\u062c \u0627\u0644\u0641\u0644\u064a\u0646 \u0628\u062c\u0648\u062f\u0629 \u0648\u0644\u064a\u0648\u0646\u0629 \u0627\u0644\u0645\u0646\u062a\u062c\u0627\u062a \u0627\u0644\u0645\u0635\u0646\u0648\u0639\u0629 \u0645\u0646 \u0627\u0644\u0641\u0644\u064a\u0646 \u0628\u0627\u0644\u0645\u0646\u062a\u062c\u0627\u062a \u0627\u0644\u062c\u0644\u062f\u064a\u0629.<\/p>\n<p>\u06332\u060c \u0643\u0645 \u062a\u062f\u0648\u0645 \u062d\u0642\u0627\u0626\u0628 \u0627\u0644\u064a\u062f \u0627\u0644\u0645\u0635\u0646\u0648\u0639\u0629 \u0645\u0646 \u0627\u0644\u0641\u0644\u064a\u0646\u061f<\/p>\n<p>\u0643\u0645\u0627 \u062a\u0639\u0644\u0645\u060c \u0641\u0625\u0646 \u0623\u0647\u0645 \u062c\u0632\u0621 \u0645\u0646 \u062d\u0642\u0627\u0626\u0628 \u0627\u0644\u0641\u0644\u064a\u0646 \u0628\u0645\u0627 \u0641\u064a \u0630\u0644\u0643 \u0646\u0633\u064a\u062c \u0627\u0644\u0641\u0644\u064a\u0646 \u0648\u0627\u0644\u0628\u0637\u0627\u0646\u0629 \u0648\u0627\u0644\u0623\u062c\u0647\u0632\u0629. \u0646\u0633\u064a\u062c \u0627\u0644\u0641\u0644\u064a\u0646 \u0645\u062a\u064a\u0646\u060c \u0648\u0627\u0644\u0623\u062c\u0647\u0632\u0629 \u0627\u0644\u062a\u064a \u0646\u0633\u062a\u062e\u062f\u0645\u0647\u0627 \u0645\u062a\u064a\u0646\u0629 \u0644\u0644\u063a\u0627\u064a\u0629\u060c \u0644\u0630\u0627 \u0641\u0647\u064a \u062a\u062f\u0648\u0645 \u0637\u0648\u064a\u0644\u0627\u064b <b>\u0645\u062f\u0649 \u0627\u0644\u062d\u064a\u0627\u0629<\/b>\u062d\u062a\u0649 \u0644\u0648 \u0643\u0646\u062a \u062a\u062d\u0645\u0644\u0647\u0627 \u064a\u0648\u0645\u064a\u064b\u0627. \u0646\u0633\u062a\u062e\u062f\u0645 \u0623\u064a\u0636\u064b\u0627 \u062d\u0634\u0648\u0629 \u0646\u0627\u0639\u0645\u0629 \u0645\u0646 \u0627\u0644\u062f\u0627\u062e\u0644 \u0644\u0644\u062d\u0641\u0627\u0638 \u0639\u0644\u0649 \u0627\u0644\u0634\u0643\u0644 \u0627\u0644\u0645\u062b\u0627\u0644\u064a.<\/p>\n<p>\u06333\u060c \u0643\u064a\u0641 \u062a\u062a\u0645 \u0635\u064a\u0627\u0646\u0629 \u0623\u0643\u064a\u0627\u0633 \u0627\u0644\u0641\u0644\u064a\u0646 \u0648\u0627\u0644\u0645\u062d\u0627\u0641\u0638\u061f<\/p>\n<p>\u064a\u0645\u0643\u0646 \u0627\u0644\u062d\u0641\u0627\u0638 \u0639\u0644\u0649 \u0646\u0638\u0627\u0641\u0629 \u0623\u0643\u064a\u0627\u0633 \u0627\u0644\u0641\u0644\u064a\u0646 \u0628\u0633\u0647\u0648\u0644\u0629\u060c \u0628\u0628\u0633\u0627\u0637\u0629 <b>\u0627\u063a\u0645\u0633 \u0645\u0646\u0634\u0641\u0629 \u064a\u062f \u0635\u063a\u064a\u0631\u0629 \u0641\u064a \u0645\u0627\u0621 \u062f\u0627\u0641\u0626<\/b> (\u0645\u0645\u0632\u0648\u062c\u064b\u0627 \u0628\u0642\u0644\u064a\u0644 \u0645\u0646 \u0627\u0644\u0635\u0627\u0628\u0648\u0646 \u0627\u0644\u062e\u0641\u064a\u0641) \u0648\u0627\u0641\u0631\u0643 \u0627\u0644\u0628\u0642\u0639 \u0623\u0648 \u0627\u0644\u0639\u0644\u0627\u0645\u0627\u062a \u0627\u0644\u0633\u0648\u062f\u0627\u0621 \u0639\u0646 \u0633\u0637\u062d \u0627\u0644\u0641\u0644\u064a\u0646.<\/p>\n<p>\u06334\u060c \u0647\u0644 \u064a\u0645\u0643\u0646\u0646\u064a \u063a\u0633\u0644 \u062d\u0642\u0627\u0626\u0628 \u0627\u0644\u064a\u062f \u0627\u0644\u0645\u0635\u0646\u0648\u0639\u0629 \u0645\u0646 \u0627\u0644\u0641\u0644\u064a\u0646\u060c \u0647\u0644 \u0647\u064a \u0645\u0642\u0627\u0648\u0645\u0629 \u0644\u0644\u0645\u0627\u0621\u061f<\/p>\n<p>\u0646\u0639\u0645\u060c \u0627\u0644\u0641\u0644\u064a\u0646 \u0645\u0642\u0627\u0648\u0645 \u0644\u0644\u0645\u0627\u0621\u060c \u064a\u0645\u0643\u0646\u0643 \u0623\u0646 \u062a\u0628\u0644\u0644\u0647 \u062f\u0648\u0646 \u062e\u0648\u0641. \u0641\u0643\u0631 \u0641\u064a \u0633\u062f\u0627\u062f\u0629 \u0627\u0644\u0646\u0628\u064a\u0630. \u0644\u0643\u0646\u0646\u0627 \u0644\u0627 \u0646\u0642\u062a\u0631\u062d \u063a\u0645\u0633 \u0623\u0643\u064a\u0627\u0633 \u0627\u0644\u0641\u0644\u064a\u0646 \u0641\u064a \u0627\u0644\u0645\u0627\u0621 \u0644\u0641\u062a\u0631\u0629 \u0637\u0648\u064a\u0644\u0629\u060c \u0623\u0648 \u0641\u064a \u0627\u0644\u063a\u0633\u0627\u0644\u0629.<\/p>\n<p>\u0648\u0644\u0623\u0646 \u0642\u0645\u0627\u0634 \u0627\u0644\u0641\u0644\u064a\u0646 \u0645\u0644\u062a\u0635\u0642 \u0628\u0637\u0628\u0642\u0629 \u0642\u0645\u0627\u0634\u064a\u0629 \u0645\u0646 \u0627\u0644\u0642\u0645\u0627\u0634\u060c \u0643\u0627\u0646 \u0627\u0644\u0635\u0645\u063a \u0645\u0627\u0626\u064a \u0627\u0644\u0623\u0633\u0627\u0633.<\/p>","protected":false},"excerpt":{"rendered":"<p>\u062a\u062a\u0645\u064a\u0632 \u062d\u0627\u0641\u0638\u0629 \u0627\u0644\u0628\u0637\u0627\u0642\u0627\u062a \u0627\u0644\u0645\u0635\u0646\u0648\u0639\u0629 \u0645\u0646 \u0627\u0644\u0641\u0644\u064a\u0646 \u0628\u0645\u0644\u0645\u0633 \u0646\u0627\u0639\u0645 \u0648\u0628\u0642\u0639 \u0644\u0627\u0645\u0639\u0629 \u0628\u0623\u0644\u0648\u0627\u0646 \u0642\u0648\u0633 \u0642\u0632\u062d \u0648\u0645\u0635\u0646\u0648\u0639\u0629 \u064a\u062f\u0648\u064a\u0627\u064b \u0645\u0646 \u0627\u0644\u062c\u0644\u062f \u0627\u0644\u0646\u0628\u0627\u062a\u064a \u0648\u0646\u0633\u064a\u062c \u0627\u0644\u0641\u0644\u064a\u0646 \u0627\u0644\u062e\u0627\u0644\u064a \u0645\u0646 \u0627\u0644\u0642\u0633\u0648\u0629. \u062a\u0639\u062a\u0628\u0631 \u062d\u0627\u0641\u0638\u0629 \u0627\u0644\u0628\u0637\u0627\u0642\u0627\u062a \u0627\u0644\u0645\u0635\u0646\u0648\u0639\u0629 \u0645\u0646 \u0627\u0644\u0641\u0644\u064a\u0646 \u062d\u0627\u0641\u0638\u0629 \u0630\u0643\u064a\u0629 \u0644\u062d\u0641\u0638 \u0628\u0637\u0627\u0642\u0627\u062a \u0627\u0644\u0627\u0626\u062a\u0645\u0627\u0646 \u0648\u0628\u0637\u0627\u0642\u0627\u062a \u0627\u0644\u0639\u0645\u0644 \u0648\u0627\u0644\u0646\u0642\u0648\u062f. \u0625\u0646\u0647\u0627 \u0633\u0647\u0644\u0629 \u0627\u0644\u062d\u0645\u0644. \u0644\u062f\u064a\u0646\u0627 \u0645\u062c\u0645\u0648\u0639\u0627\u062a \u0636\u062e\u0645\u0629 \u0645\u0646 \u0627\u0644\u0623\u0644\u0648\u0627\u0646 \u0644\u0627\u062e\u062a\u064a\u0627\u0631\u0643\u060c \u0645\u062d\u0641\u0638\u0629 \u0627\u0644\u0628\u0637\u0627\u0642\u0627\u062a \u0627\u0644\u0646\u0628\u0627\u062a\u064a\u0629 \u0647\u0630\u0647 \u0636\u0631\u0648\u0631\u064a\u0629 \u064a\u0645\u0643\u0646\u0643 \u0627\u0644\u0627\u0639\u062a\u0645\u0627\u062f \u0639\u0644\u064a\u0647\u0627 \u0639\u0646\u062f \u0627\u0644\u062e\u0631\u0648\u062c \u0645\u0646 \u0627\u0644\u0645\u0646\u0632\u0644.<\/p>\n<p><strong>\u0627\u0644\u0645\u0632\u0627\u064a\u0627: <\/strong><\/p>\n<ul>\n<li>5 \u0641\u062a\u062d\u0627\u062a \u0644\u0644\u0628\u0637\u0627\u0642\u0627\u062a \u0627\u0644\u0627\u0626\u062a\u0645\u0627\u0646\u064a\u0629 (2 \u0623\u0645\u0627\u0645\u064a\u0629 + 3 \u062e\u0644\u0641\u064a\u0629)<\/li>\n<li>\u062c\u064a\u0628 \u0645\u0631\u0643\u0632\u064a \u0644\u0644\u0646\u0642\u0648\u062f \u0648\u0627\u0644\u0623\u0648\u0631\u0627\u0642 \u0627\u0644\u0646\u0642\u062f\u064a\u0629 \u0627\u0644\u0645\u0637\u0648\u064a\u0629<\/li>\n<li>\u062e\u0632\u0646\u0629 RFID<\/li>\n<li>\u062d\u0632\u0627\u0645 \u0646\u0627\u064a\u0644\u0648\u0646 \u0642\u0627\u0628\u0644 \u0644\u0644\u0637\u064a \u062f\u0627\u062e\u0644 \u0627\u0644\u062c\u064a\u0628 \u0627\u0644\u0645\u0631\u0643\u0632\u064a\u060c \u064a\u0633\u0647\u0644 \u0625\u062e\u0631\u0627\u062c \u0627\u0644\u0646\u0642\u0648\u062f \u0645\u0646\u0647<\/li>\n<li>\u0627\u0644\u0623\u0628\u0639\u0627\u062f: 100 \u00d7 80 \u00d7 5 \u00d7 80 \u00d7 5 (\u0645\u0645)<\/li>\n<\/ul>\n<p>&nbsp;<\/p>","protected":false},"featured_media":8099,"template":"","meta":[],"product_brand":[],"product_cat":[148,161,150],"product_tag":[196,190,189,186,184,195,183,185,191,192,193,197,187,194,188],"class_list":{"0":"post-7457","1":"product","2":"type-product","3":"status-publish","4":"has-post-thumbnail","6":"product_cat-cork-bags","7":"product_cat-cork-purse","8":"product_cat-cork-wallets","9":"product_tag-buiness-card-holder","10":"product_tag-business-card-case","11":"product_tag-cork-business-card-case","12":"product_tag-cork-card-case","13":"product_tag-cork-card-holder","14":"product_tag-cork-card-wallet","15":"product_tag-cork-cardholder","16":"product_tag-cork-coin-purse","17":"product_tag-cork-name-card-case","18":"product_tag-cork-name-card-holder","19":"product_tag-cork-pocket","20":"product_tag-credit-card-holder","21":"product_tag-credit-card-wallet","22":"product_tag-vegan-card-case","23":"product_tag-vegan-leather-wallet","25":"first","26":"instock","27":"shipping-taxable","28":"product-type-simple"},"_links":{"self":[{"href":"https:\/\/hzcork.com\/ar\/wp-json\/wp\/v2\/product\/7457","targetHints":{"allow":["GET"]}}],"collection":[{"href":"https:\/\/hzcork.com\/ar\/wp-json\/wp\/v2\/product"}],"about":[{"href":"https:\/\/hzcork.com\/ar\/wp-json\/wp\/v2\/types\/product"}],"version-history":[{"count":0,"href":"https:\/\/hzcork.com\/ar\/wp-json\/wp\/v2\/product\/7457\/revisions"}],"wp:featuredmedia":[{"embeddable":true,"href":"https:\/\/hzcork.com\/ar\/wp-json\/wp\/v2\/media\/8099"}],"wp:attachment":[{"href":"https:\/\/hzcork.com\/ar\/wp-json\/wp\/v2\/media?parent=7457"}],"wp:term":[{"taxonomy":"product_brand","embeddable":true,"href":"https:\/\/hzcork.com\/ar\/wp-json\/wp\/v2\/product_brand?post=7457"},{"taxonomy":"product_cat","embeddable":true,"href":"https:\/\/hzcork.com\/ar\/wp-json\/wp\/v2\/product_cat?post=7457"},{"taxonomy":"product_tag","embeddable":true,"href":"https:\/\/hzcork.com\/ar\/wp-json\/wp\/v2\/product_tag?post=7457"}],"curies":[{"name":"wp","href":"https:\/\/api.w.org\/{rel}","templated":true}]}}